{"id":5196,"date":"2024-06-24T15:29:31","date_gmt":"2024-06-24T15:29:31","guid":{"rendered":"https:\/\/magportal.azurewebsites.net\/?page_id=5196"},"modified":"2024-08-17T18:23:01","modified_gmt":"2024-08-17T18:23:01","slug":"servicios-medicos","status":"publish","type":"page","link":"https:\/\/www.guaynabocity.gov.pr\/en\/servicios-medicos\/","title":{"rendered":"Servicios Medicos"},"content":{"rendered":"<div data-elementor-type=\"wp-page\" data-elementor-id=\"5196\" class=\"elementor elementor-5196\" data-elementor-post-type=\"page\">\n\t\t\t\t<div class=\"elementor-element elementor-element-a1f7821 e-flex e-con-boxed e-con e-parent\" data-id=\"a1f7821\" data-element_type=\"container\" data-e-type=\"container\" data-settings=\"{&quot;background_background&quot;:&quot;classic&quot;}\">\n\t\t\t\t\t<div class=\"e-con-inner\">\n\t\t<div class=\"elementor-element elementor-element-e663da8 e-con-full e-flex e-con e-child\" data-id=\"e663da8\" data-element_type=\"container\" data-e-type=\"container\">\n\t\t\t\t<div class=\"elementor-element elementor-element-041bfe0 elementor-widget elementor-widget-heading\" data-id=\"041bfe0\" data-element_type=\"widget\" data-e-type=\"widget\" data-widget_type=\"heading.default\">\n\t\t\t\t<div class=\"elementor-widget-container\">\n\t\t\t\t\t<h2 class=\"elementor-heading-title elementor-size-default\">Medical Services<\/h2>\t\t\t\t<\/div>\n\t\t\t\t<\/div>\n\t\t\t\t<\/div>\n\t\t\t\t\t<\/div>\n\t\t\t\t<\/div>\n\t\t<div class=\"elementor-element elementor-element-88d867f e-con-full e-flex e-con e-parent\" data-id=\"88d867f\" data-element_type=\"container\" data-e-type=\"container\" data-settings=\"{&quot;background_background&quot;:&quot;classic&quot;}\">\n\t\t<div class=\"elementor-element elementor-element-9a69608 e-flex e-con-boxed e-con e-child\" data-id=\"9a69608\" data-element_type=\"container\" data-e-type=\"container\">\n\t\t\t\t\t<div class=\"e-con-inner\">\n\t\t<div class=\"elementor-element elementor-element-48b22b6 e-con-full e-flex elementor-invisible e-con e-child\" data-id=\"48b22b6\" data-element_type=\"container\" data-e-type=\"container\" data-settings=\"{&quot;background_background&quot;:&quot;classic&quot;,&quot;animation&quot;:&quot;fadeInLeft&quot;}\">\n\t\t\t\t<div class=\"elementor-element elementor-element-7237cd4 elementor-widget elementor-widget-eael-fancy-text\" data-id=\"7237cd4\" data-element_type=\"widget\" data-e-type=\"widget\" data-widget_type=\"eael-fancy-text.default\">\n\t\t\t\t<div class=\"elementor-widget-container\">\n\t\t\t\t\t\n\t<div  class=\"eael-fancy-text-container style-1\" data-fancy-text-id=\"7237cd4\" data-fancy-text=\"|Central (787) 523-5777&lt;br&gt;Servicio de Transporte (787) 720-8033\" data-fancy-text-transition-type=\"typing\" data-fancy-text-speed=\"50\" data-fancy-text-delay=\"5000\" data-fancy-text-cursor=\"yes\" data-fancy-text-loop=\"\" data-fancy-text-action=\"page_load\" >\n\t\t\n\t\t\n\t\t\t\t\t<span id=\"eael-fancy-text-7237cd4\" class=\"eael-fancy-text-strings solid-color\">\n\t\t\t\t<noscript>\n\t\t\t\t\tCentral (787) 523-5777<br>Transportation Service (787) 720-8033\t\t\t\t<\/noscript>\n\t\t\t<\/span>\n\t\t\n\t\t\t<\/div><!-- close .eael-fancy-text-container -->\n\n\t<div class=\"clearfix\"><\/div>\n\n\t\t\t\t\t<\/div>\n\t\t\t\t<\/div>\n\t\t\t\t<\/div>\n\t\t<div class=\"elementor-element elementor-element-882e016 e-con-full e-flex elementor-invisible e-con e-child\" data-id=\"882e016\" data-element_type=\"container\" data-e-type=\"container\" data-settings=\"{&quot;animation&quot;:&quot;fadeInLeft&quot;}\">\n\t\t<div class=\"elementor-element elementor-element-c5da267 e-con-full e-flex e-con e-child\" data-id=\"c5da267\" data-element_type=\"container\" data-e-type=\"container\">\n\t\t\t\t<div class=\"elementor-element elementor-element-b9bbf0a elementor-widget elementor-widget-heading\" data-id=\"b9bbf0a\" data-element_type=\"widget\" data-e-type=\"widget\" data-widget_type=\"heading.default\">\n\t\t\t\t<div class=\"elementor-widget-container\">\n\t\t\t\t\t<span class=\"elementor-heading-title elementor-size-default\">Extensions:<\/span>\t\t\t\t<\/div>\n\t\t\t\t<\/div>\n\t\t\t\t<\/div>\n\t\t<div class=\"elementor-element elementor-element-ff06d8f e-con-full e-flex e-con e-child\" data-id=\"ff06d8f\" data-element_type=\"container\" data-e-type=\"container\">\n\t\t\t\t<div class=\"elementor-element elementor-element-0b05a1e elementor-widget elementor-widget-text-editor\" data-id=\"0b05a1e\" data-element_type=\"widget\" data-e-type=\"widget\" data-widget_type=\"text-editor.default\">\n\t\t\t\t<div class=\"elementor-widget-container\">\n\t\t\t\t\t\t\t\t\t<strong>Emergency Room<\/strong>: 3011\/3022\n<br>\n<strong>Quotations<\/strong>: 3014\n<br>\n<strong>Adult Clinics<\/strong>: 3015\n<br>\n<strong>Pediatrics<\/strong>: 3018\n<br>\n<strong>Laboratory<\/strong>: 3020\n<br>\n<strong>Image Center<\/strong>: 3019\n<br>\n<strong>CDT Amelia<\/strong>: 3201\t\t\t\t\t\t\t\t<\/div>\n\t\t\t\t<\/div>\n\t\t\t\t<\/div>\n\t\t\t\t<\/div>\n\t\t\t\t\t<\/div>\n\t\t\t\t<\/div>\n\t\t<div class=\"elementor-element elementor-element-744b25d e-flex e-con-boxed e-con e-child\" data-id=\"744b25d\" data-element_type=\"container\" data-e-type=\"container\">\n\t\t\t\t\t<div class=\"e-con-inner\">\n\t\t\t\t<div class=\"elementor-element elementor-element-6585df3 elementor-widget elementor-widget-eael-adv-tabs\" data-id=\"6585df3\" data-element_type=\"widget\" data-e-type=\"widget\" data-widget_type=\"eael-adv-tabs.default\">\n\t\t\t\t<div class=\"elementor-widget-container\">\n\t\t\t\t\t        <div data-scroll-on-click=\"no\" data-scroll-speed=\"300\" id=\"eael-advance-tabs-6585df3\" class=\"eael-advance-tabs eael-tabs-vertical eael-tab-auto-active\" data-tabid=\"6585df3\">\n            <div class=\"eael-tabs-nav\">\n                <ul class=\"eael-tab-inline-icon\" role=\"tablist\">\n                                            <li id=\"servicios-mdicos\" class=\"inactive eael-tab-item-trigger eael-tab-nav-item\" aria-selected=\"true\" data-tab=\"1\" role=\"tab\" tabindex=\"0\" aria-controls=\"servicios-mdicos-tab\" aria-expanded=\"false\">\n                            \n                                                        \n                                                            <span class=\"eael-tab-title title-after-icon\" >Medical Services<\/span>                            \n                                                    <\/li>\n                                            <li id=\"sala-de-emergencia\" class=\"inactive eael-tab-item-trigger eael-tab-nav-item\" aria-selected=\"false\" data-tab=\"2\" role=\"tab\" tabindex=\"-1\" aria-controls=\"sala-de-emergencia-tab\" aria-expanded=\"false\">\n                            \n                                                        \n                                                            <span class=\"eael-tab-title title-after-icon\" >Emergency Room<\/span>                            \n                                                    <\/li>\n                                            <li id=\"emergencias-mdicas\" class=\"inactive eael-tab-item-trigger eael-tab-nav-item\" aria-selected=\"false\" data-tab=\"3\" role=\"tab\" tabindex=\"-1\" aria-controls=\"emergencias-mdicas-tab\" aria-expanded=\"false\">\n                            \n                                                        \n                                                            <span class=\"eael-tab-title title-after-icon\" >Medical Emergencies<\/span>                            \n                                                    <\/li>\n                    \n                                  <\/ul>\n            <\/div>\n            \n            <div class=\"eael-tabs-content\">\n\t\t        \n                    <div id=\"servicios-mdicos-tab\" class=\"clearfix eael-tab-content-item inactive\" data-title-link=\"servicios-mdicos-tab\">\n\t\t\t\t        <p style=\"text-align: center\"><strong>Department of Emergency Medical Care and Health Administration<\/strong><\/p><p>The mission of our department is focused on providing pre-hospital care in an efficient and professional manner to the citizens of Guaynabo and surrounding areas, through a network of stations and emergency units, with the best human resources using the most modern technology in the market.<\/p><p>The Municipality of Guaynabo also has the services of the PR Government Health Plan through the primary medical group GMP-1004. There are 12,000 insured members who receive services at the CDT Guaynabo Medical Mall, Amelia and Hato Nuevo. We have outpatient and pediatric clinics through which primary care physicians and specialists provide services as required by the health needs of our participants.<\/p><p>In addition, the Guaynabo Medical Mall offers the following services:<\/p><p><strong>Clinic Area:<\/strong><\/p><p>We have:<\/p><ul><li>Five (5) general practitioners<\/li><li>Three (3) pediatricians<\/li><li>Appointment and referral coordinator<\/li><li>Case manager<\/li><li>Vaccination area<\/li><li>Extended hours until 9:00pm<\/li><\/ul><p><strong>Specialist Area:<\/strong><\/p><ul><li>Internal Medicine<\/li><li>Gynecology<\/li><li>Nutritionist<\/li><li>Social work<\/li><li>Physiatry<\/li><\/ul>                    <\/div>\n\t\t        \n                    <div id=\"sala-de-emergencia-tab\" class=\"clearfix eael-tab-content-item inactive\" data-title-link=\"sala-de-emergencia-tab\">\n\t\t\t\t        <p><strong>Emergency Room<\/strong><\/p><p>Hours of operation 7:00 AM -11:00 PM<\/p><p>We also have a Laboratory, Radiology Center, Pharmacy and Hypertension and Diabetes Clinics.<br \/>All this in a modern facility, with a location close to the hospitals nearest to our room for<br \/>a rapid disposition of the patient in case of need.<\/p><p>\u00a0<\/p><p><img fetchpriority=\"high\" decoding=\"async\" class=\"aligncenter wp-image-8309 size-medium\" src=\"\/wp-content\/uploads\/2024\/08\/hospital.webp\" alt=\"\" width=\"700\" height=\"200\" \/><\/p>                    <\/div>\n\t\t        \n                    <div id=\"emergencias-mdicas-tab\" class=\"clearfix eael-tab-content-item inactive\" data-title-link=\"emergencias-mdicas-tab\">\n\t\t\t\t        <p><strong>Emergency Medical Program<\/strong><\/p><p>This program consists of four (4) Emergency Medical Bases, and one (1) Command Center (Dispatch), where all calls are received and from which instructions are given to the different stations or bases. Our center is directly connected to the 9-1-1 emergency system's call reception center (CRL), so that when an emergency occurs, information and response flow more quickly.<\/p><p>Our emergency stations are geographically distributed within the municipal jurisdiction. They are located in:<\/p><ul><li>Hato Nuevo Neighborhood<\/li><li>Amelia Neighborhood<\/li><li>Torrimar<\/li><li>Central (Santos Rivera P\u00e9rez Building)<\/li><\/ul><p>The Emergency Medical Program's vision is to provide a medical emergency response system, where all components act in coordination with the purpose of offering the best treatment in the shortest possible time with the intention of reducing mortality and morbidity. To build an emergency service that sets the guidelines and serves as a model in the provision of emergency services.<\/p>                    <\/div>\n\t\t                    <\/div>\n        <\/div>\n\t\t\t\t<\/div>\n\t\t\t\t<\/div>\n\t\t\t\t\t<\/div>\n\t\t\t\t<\/div>\n\t\t\t\t<\/div>\n\t\t\t\t<\/div>","protected":false},"excerpt":{"rendered":"<p>Servicios M\u00e9dicos Central (787) 523-5777Servicio de Transporte (787) 720-8033 Extensiones: Sala de Emergencias: 3011\/3022 Citas: 3014 Cl\u00ednicas de Adulto: 3015 Pediatr\u00eda: 3018 Laboratorio: 3020 Centro de Im\u00e1genes: 3019 CDT Amelia: 3201 Servicios M\u00e9dicos Sala de Emergencia Emergencias M\u00e9dicas Departamento de Emergencias M\u00e9dicas y Administraci\u00f3n de Salud La misi\u00f3n de nuestro departamento se centra en proveer [&hellip;]<\/p>\n","protected":false},"author":14,"featured_media":0,"parent":0,"menu_order":0,"comment_status":"closed","ping_status":"closed","template":"","meta":{"site-sidebar-layout":"no-sidebar","site-content-layout":"","ast-site-content-layout":"full-width-container","site-content-style":"default","site-sidebar-style":"default","ast-global-header-display":"","ast-banner-title-visibility":"","ast-main-header-display":"","ast-hfb-above-header-display":"","ast-hfb-below-header-display":"","ast-hfb-mobile-header-display":"","site-post-title":"disabled","ast-breadcrumbs-content":"","ast-featured-img":"disabled","footer-sml-layout":"","ast-disable-related-posts":"","theme-transparent-header-meta":"default","adv-header-id-meta":"","stick-header-meta":"","header-above-stick-meta":"","header-main-stick-meta":"","header-below-stick-meta":"","astra-migrate-meta-layouts":"set","ast-page-background-enabled":"default","ast-page-background-meta":{"desktop":{"background-color":"var(--ast-global-color-4)","background-image":"","background-repeat":"repeat","background-position":"center center","background-size":"auto","background-attachment":"scroll","background-type":"","background-media":"","overlay-type":"","overlay-color":"","overlay-opacity":"","overlay-gradient":""},"tablet":{"background-color":"","background-image":"","background-repeat":"repeat","background-position":"center center","background-size":"auto","background-attachment":"scroll","background-type":"","background-media":"","overlay-type":"","overlay-color":"","overlay-opacity":"","overlay-gradient":""},"mobile":{"background-color":"","background-image":"","background-repeat":"repeat","background-position":"center center","background-size":"auto","background-attachment":"scroll","background-type":"","background-media":"","overlay-type":"","overlay-color":"","overlay-opacity":"","overlay-gradient":""}},"ast-content-background-meta":{"desktop":{"background-color":"var(--ast-global-color-5)","background-image":"","background-repeat":"repeat","background-position":"center center","background-size":"auto","background-attachment":"scroll","background-type":"","background-media":"","overlay-type":"","overlay-color":"","overlay-opacity":"","overlay-gradient":""},"tablet":{"background-color":"var(--ast-global-color-5)","background-image":"","background-repeat":"repeat","background-position":"center center","background-size":"auto","background-attachment":"scroll","background-type":"","background-media":"","overlay-type":"","overlay-color":"","overlay-opacity":"","overlay-gradient":""},"mobile":{"background-color":"var(--ast-global-color-5)","background-image":"","background-repeat":"repeat","background-position":"center center","background-size":"auto","background-attachment":"scroll","background-type":"","background-media":"","overlay-type":"","overlay-color":"","overlay-opacity":"","overlay-gradient":""}},"footnotes":""},"class_list":["post-5196","page","type-page","status-publish","hentry"],"yoast_head":"<!-- This site is optimized with the Yoast SEO plugin v27.1.1 - https:\/\/yoast.com\/product\/yoast-seo-wordpress\/ -->\n<title>Servicios Medicos - Municipio Aut\u00f3nomo de Guaynabo<\/title>\n<meta name=\"robots\" content=\"index, follow, max-snippet:-1, max-image-preview:large, max-video-preview:-1\" \/>\n<link rel=\"canonical\" href=\"https:\/\/www.guaynabocity.gov.pr\/en\/medical-services\/\" \/>\n<meta property=\"og:locale\" content=\"en_US\" \/>\n<meta property=\"og:type\" content=\"article\" \/>\n<meta property=\"og:title\" content=\"Servicios Medicos - Municipio Aut\u00f3nomo de Guaynabo\" \/>\n<meta property=\"og:description\" content=\"Servicios M\u00e9dicos Central (787) 523-5777Servicio de Transporte (787) 720-8033 Extensiones: Sala de Emergencias: 3011\/3022 Citas: 3014 Cl\u00ednicas de Adulto: 3015 Pediatr\u00eda: 3018 Laboratorio: 3020 Centro de Im\u00e1genes: 3019 CDT Amelia: 3201 Servicios M\u00e9dicos Sala de Emergencia Emergencias M\u00e9dicas Departamento de Emergencias M\u00e9dicas y Administraci\u00f3n de Salud La misi\u00f3n de nuestro departamento se centra en proveer [&hellip;]\" \/>\n<meta property=\"og:url\" content=\"https:\/\/www.guaynabocity.gov.pr\/en\/medical-services\/\" \/>\n<meta property=\"og:site_name\" content=\"Municipio Aut\u00f3nomo de Guaynabo\" \/>\n<meta property=\"article:publisher\" content=\"https:\/\/www.facebook.com\/MunGuaynabo\/\" \/>\n<meta property=\"article:modified_time\" content=\"2024-08-17T18:23:01+00:00\" \/>\n<meta name=\"twitter:card\" content=\"summary_large_image\" \/>\n<meta name=\"twitter:label1\" content=\"Est. reading time\" \/>\n\t<meta name=\"twitter:data1\" content=\"2 minutes\" \/>\n<script type=\"application\/ld+json\" class=\"yoast-schema-graph\">{\"@context\":\"https:\/\/schema.org\",\"@graph\":[{\"@type\":\"WebPage\",\"@id\":\"https:\/\/www.guaynabocity.gov.pr\/servicios-medicos\/\",\"url\":\"https:\/\/www.guaynabocity.gov.pr\/servicios-medicos\/\",\"name\":\"Servicios Medicos - Municipio Aut\u00f3nomo de Guaynabo\",\"isPartOf\":{\"@id\":\"https:\/\/www.guaynabocity.gov.pr\/#website\"},\"datePublished\":\"2024-06-24T15:29:31+00:00\",\"dateModified\":\"2024-08-17T18:23:01+00:00\",\"breadcrumb\":{\"@id\":\"https:\/\/www.guaynabocity.gov.pr\/servicios-medicos\/#breadcrumb\"},\"inLanguage\":\"en-US\",\"potentialAction\":[{\"@type\":\"ReadAction\",\"target\":[\"https:\/\/www.guaynabocity.gov.pr\/servicios-medicos\/\"]}]},{\"@type\":\"BreadcrumbList\",\"@id\":\"https:\/\/www.guaynabocity.gov.pr\/servicios-medicos\/#breadcrumb\",\"itemListElement\":[{\"@type\":\"ListItem\",\"position\":1,\"name\":\"Home\",\"item\":\"https:\/\/www.guaynabocity.gov.pr\/\"},{\"@type\":\"ListItem\",\"position\":2,\"name\":\"Servicios Medicos\"}]},{\"@type\":\"WebSite\",\"@id\":\"https:\/\/www.guaynabocity.gov.pr\/#website\",\"url\":\"https:\/\/www.guaynabocity.gov.pr\/\",\"name\":\"Municipio Aut\u00f3nomo de Guaynabo\",\"description\":\"\",\"publisher\":{\"@id\":\"https:\/\/www.guaynabocity.gov.pr\/#organization\"},\"potentialAction\":[{\"@type\":\"SearchAction\",\"target\":{\"@type\":\"EntryPoint\",\"urlTemplate\":\"https:\/\/www.guaynabocity.gov.pr\/?s={search_term_string}\"},\"query-input\":{\"@type\":\"PropertyValueSpecification\",\"valueRequired\":true,\"valueName\":\"search_term_string\"}}],\"inLanguage\":\"en-US\"},{\"@type\":\"Organization\",\"@id\":\"https:\/\/www.guaynabocity.gov.pr\/#organization\",\"name\":\"Municipio Aut\u00f3nomo de Guaynabo\",\"url\":\"https:\/\/www.guaynabocity.gov.pr\/\",\"logo\":{\"@type\":\"ImageObject\",\"inLanguage\":\"en-US\",\"@id\":\"https:\/\/www.guaynabocity.gov.pr\/#\/schema\/logo\/image\/\",\"url\":\"\/wp-content\/uploads\/2023\/12\/Escudo-version-2-1.webp\",\"contentUrl\":\"\/wp-content\/uploads\/2023\/12\/Escudo-version-2-1.webp\",\"width\":605,\"height\":626,\"caption\":\"Municipio Aut\u00f3nomo de Guaynabo\"},\"image\":{\"@id\":\"https:\/\/www.guaynabocity.gov.pr\/#\/schema\/logo\/image\/\"},\"sameAs\":[\"https:\/\/www.facebook.com\/MunGuaynabo\/\"]}]}<\/script>\n<!-- \/ Yoast SEO plugin. -->","yoast_head_json":{"title":"Servicios Medicos - Municipio Aut\u00f3nomo de Guaynabo","robots":{"index":"index","follow":"follow","max-snippet":"max-snippet:-1","max-image-preview":"max-image-preview:large","max-video-preview":"max-video-preview:-1"},"canonical":"https:\/\/www.guaynabocity.gov.pr\/en\/medical-services\/","og_locale":"en_US","og_type":"article","og_title":"Servicios Medicos - Municipio Aut\u00f3nomo de Guaynabo","og_description":"Servicios M\u00e9dicos Central (787) 523-5777Servicio de Transporte (787) 720-8033 Extensiones: Sala de Emergencias: 3011\/3022 Citas: 3014 Cl\u00ednicas de Adulto: 3015 Pediatr\u00eda: 3018 Laboratorio: 3020 Centro de Im\u00e1genes: 3019 CDT Amelia: 3201 Servicios M\u00e9dicos Sala de Emergencia Emergencias M\u00e9dicas Departamento de Emergencias M\u00e9dicas y Administraci\u00f3n de Salud La misi\u00f3n de nuestro departamento se centra en proveer [&hellip;]","og_url":"https:\/\/www.guaynabocity.gov.pr\/en\/medical-services\/","og_site_name":"Municipio Aut\u00f3nomo de Guaynabo","article_publisher":"https:\/\/www.facebook.com\/MunGuaynabo\/","article_modified_time":"2024-08-17T18:23:01+00:00","twitter_card":"summary_large_image","twitter_misc":{"Est. reading time":"2 minutes"},"schema":{"@context":"https:\/\/schema.org","@graph":[{"@type":"WebPage","@id":"https:\/\/www.guaynabocity.gov.pr\/servicios-medicos\/","url":"https:\/\/www.guaynabocity.gov.pr\/servicios-medicos\/","name":"Servicios Medicos - Municipio Aut\u00f3nomo de Guaynabo","isPartOf":{"@id":"https:\/\/www.guaynabocity.gov.pr\/#website"},"datePublished":"2024-06-24T15:29:31+00:00","dateModified":"2024-08-17T18:23:01+00:00","breadcrumb":{"@id":"https:\/\/www.guaynabocity.gov.pr\/servicios-medicos\/#breadcrumb"},"inLanguage":"en-US","potentialAction":[{"@type":"ReadAction","target":["https:\/\/www.guaynabocity.gov.pr\/servicios-medicos\/"]}]},{"@type":"BreadcrumbList","@id":"https:\/\/www.guaynabocity.gov.pr\/servicios-medicos\/#breadcrumb","itemListElement":[{"@type":"ListItem","position":1,"name":"Home","item":"https:\/\/www.guaynabocity.gov.pr\/"},{"@type":"ListItem","position":2,"name":"Servicios Medicos"}]},{"@type":"WebSite","@id":"https:\/\/www.guaynabocity.gov.pr\/#website","url":"https:\/\/www.guaynabocity.gov.pr\/","name":"Autonomous Municipality of Guaynabo","description":"","publisher":{"@id":"https:\/\/www.guaynabocity.gov.pr\/#organization"},"potentialAction":[{"@type":"SearchAction","target":{"@type":"EntryPoint","urlTemplate":"https:\/\/www.guaynabocity.gov.pr\/?s={search_term_string}"},"query-input":{"@type":"PropertyValueSpecification","valueRequired":true,"valueName":"search_term_string"}}],"inLanguage":"en-US"},{"@type":"Organization","@id":"https:\/\/www.guaynabocity.gov.pr\/#organization","name":"Autonomous Municipality of Guaynabo","url":"https:\/\/www.guaynabocity.gov.pr\/","logo":{"@type":"ImageObject","inLanguage":"en-US","@id":"https:\/\/www.guaynabocity.gov.pr\/#\/schema\/logo\/image\/","url":"\/wp-content\/uploads\/2023\/12\/Escudo-version-2-1.webp","contentUrl":"\/wp-content\/uploads\/2023\/12\/Escudo-version-2-1.webp","width":605,"height":626,"caption":"Municipio Aut\u00f3nomo de Guaynabo"},"image":{"@id":"https:\/\/www.guaynabocity.gov.pr\/#\/schema\/logo\/image\/"},"sameAs":["https:\/\/www.facebook.com\/MunGuaynabo\/"]}]}},"_links":{"self":[{"href":"https:\/\/www.guaynabocity.gov.pr\/en\/wp-json\/wp\/v2\/pages\/5196","targetHints":{"allow":["GET"]}}],"collection":[{"href":"https:\/\/www.guaynabocity.gov.pr\/en\/wp-json\/wp\/v2\/pages"}],"about":[{"href":"https:\/\/www.guaynabocity.gov.pr\/en\/wp-json\/wp\/v2\/types\/page"}],"author":[{"embeddable":true,"href":"https:\/\/www.guaynabocity.gov.pr\/en\/wp-json\/wp\/v2\/users\/14"}],"replies":[{"embeddable":true,"href":"https:\/\/www.guaynabocity.gov.pr\/en\/wp-json\/wp\/v2\/comments?post=5196"}],"version-history":[{"count":28,"href":"https:\/\/www.guaynabocity.gov.pr\/en\/wp-json\/wp\/v2\/pages\/5196\/revisions"}],"predecessor-version":[{"id":8321,"href":"https:\/\/www.guaynabocity.gov.pr\/en\/wp-json\/wp\/v2\/pages\/5196\/revisions\/8321"}],"wp:attachment":[{"href":"https:\/\/www.guaynabocity.gov.pr\/en\/wp-json\/wp\/v2\/media?parent=5196"}],"curies":[{"name":"wp","href":"https:\/\/api.w.org\/{rel}","templated":true}]}}