{"id":4896,"date":"2024-06-15T02:14:28","date_gmt":"2024-06-15T02:14:28","guid":{"rendered":"https:\/\/magportal.azurewebsites.net\/?page_id=4896"},"modified":"2024-07-09T00:39:04","modified_gmt":"2024-07-09T00:39:04","slug":"servicios-al-envejeciente-y-a-personas-con-impedimento","status":"publish","type":"page","link":"https:\/\/www.guaynabocity.gov.pr\/en\/servicios-al-envejeciente-y-a-personas-con-impedimento\/","title":{"rendered":"Services to the Elderly and Persons with Disabilities"},"content":{"rendered":"<div data-elementor-type=\"wp-page\" data-elementor-id=\"4896\" class=\"elementor elementor-4896\" data-elementor-post-type=\"page\">\n\t\t\t\t<div class=\"elementor-element elementor-element-a1f7821 e-flex e-con-boxed e-con e-parent\" data-id=\"a1f7821\" data-element_type=\"container\" data-e-type=\"container\" data-settings=\"{&quot;background_background&quot;:&quot;classic&quot;}\">\n\t\t\t\t\t<div class=\"e-con-inner\">\n\t\t<div class=\"elementor-element elementor-element-e663da8 e-con-full e-flex e-con e-child\" data-id=\"e663da8\" data-element_type=\"container\" data-e-type=\"container\">\n\t\t\t\t<div class=\"elementor-element elementor-element-041bfe0 elementor-widget elementor-widget-heading\" data-id=\"041bfe0\" data-element_type=\"widget\" data-e-type=\"widget\" data-widget_type=\"heading.default\">\n\t\t\t\t<div class=\"elementor-widget-container\">\n\t\t\t\t\t<h2 class=\"elementor-heading-title elementor-size-default\">Services to the Elderly and Persons with Disabilities<\/h2>\t\t\t\t<\/div>\n\t\t\t\t<\/div>\n\t\t\t\t<\/div>\n\t\t\t\t\t<\/div>\n\t\t\t\t<\/div>\n\t\t<div class=\"elementor-element elementor-element-d8bb9f6 e-flex e-con-boxed e-con e-parent\" data-id=\"d8bb9f6\" data-element_type=\"container\" data-e-type=\"container\" data-settings=\"{&quot;background_background&quot;:&quot;classic&quot;}\">\n\t\t\t\t\t<div class=\"e-con-inner\">\n\t\t<div class=\"elementor-element elementor-element-052262e e-flex e-con-boxed e-con e-child\" data-id=\"052262e\" data-element_type=\"container\" data-e-type=\"container\">\n\t\t\t\t\t<div class=\"e-con-inner\">\n\t\t<div class=\"elementor-element elementor-element-f68395e e-flex e-con-boxed e-con e-child\" data-id=\"f68395e\" data-element_type=\"container\" data-e-type=\"container\">\n\t\t\t\t\t<div class=\"e-con-inner\">\n\t\t\t\t<div class=\"elementor-element elementor-element-71e4a90 elementor-widget elementor-widget-video\" data-id=\"71e4a90\" data-element_type=\"widget\" data-e-type=\"widget\" data-settings=\"{&quot;youtube_url&quot;:&quot;https:\\\/\\\/www.youtube.com\\\/watch?v=8zF5GnFlUWY&quot;,&quot;video_type&quot;:&quot;youtube&quot;,&quot;controls&quot;:&quot;yes&quot;}\" data-widget_type=\"video.default\">\n\t\t\t\t<div class=\"elementor-widget-container\">\n\t\t\t\t\t\t\t<div class=\"elementor-wrapper elementor-open-inline\">\n\t\t\t<div class=\"elementor-video\"><\/div>\t\t<\/div>\n\t\t\t\t\t\t<\/div>\n\t\t\t\t<\/div>\n\t\t\t\t<div class=\"elementor-element elementor-element-76de5b6 elementor-widget elementor-widget-text-editor\" data-id=\"76de5b6\" data-element_type=\"widget\" data-e-type=\"widget\" data-widget_type=\"text-editor.default\">\n\t\t\t\t<div class=\"elementor-widget-container\">\n\t\t\t\t\t\t\t\t\t<p>The Service Centers have a dedicated space for the aging population. In addition to the seven senior-specific centers, the program provides home-based care to Golden Age citizens who are bedridden, disabled or have health conditions that prevent them from leaving home to receive services at the centers.<\/p><p>Our daily services for more than 1,000 seniors exceed 100,000 services annually and encompass a variety of needs, such as lunches, transportation and home support, among many others.<\/p><p>In addition, we offer services to people with disabilities, seeking their active participation in the community and contributing to their full development. We coordinate both public and private efforts for their treatment and rehabilitation, also providing medical equipment, if necessary.<\/p><p>For information on requirements and procedures, please call 787-720-4040, extension 2101.<\/p>\t\t\t\t\t\t\t\t<\/div>\n\t\t\t\t<\/div>\n\t\t\t\t\t<\/div>\n\t\t\t\t<\/div>\n\t\t\t\t\t<\/div>\n\t\t\t\t<\/div>\n\t\t\t\t\t<\/div>\n\t\t\t\t<\/div>\n\t\t\t\t<\/div>","protected":false},"excerpt":{"rendered":"<p>Servicios al Envejeciente y a Personas con Impedimento https:\/\/www.youtube.com\/watch?v=8zF5GnFlUWY Los Centros de Servicios cuentan con un espacio dedicado a la poblaci\u00f3n envejeciente. Adem\u00e1s de los siete centros espec\u00edficos para envejecientes, el programa ofrece atenci\u00f3n domiciliaria a los ciudadanos de la Edad de Oro que est\u00e1n encamados, incapacitados o tienen condiciones de salud que les impiden [&hellip;]<\/p>\n","protected":false},"author":14,"featured_media":0,"parent":0,"menu_order":0,"comment_status":"closed","ping_status":"closed","template":"","meta":{"site-sidebar-layout":"no-sidebar","site-content-layout":"","ast-site-content-layout":"full-width-container","site-content-style":"default","site-sidebar-style":"default","ast-global-header-display":"","ast-banner-title-visibility":"","ast-main-header-display":"","ast-hfb-above-header-display":"","ast-hfb-below-header-display":"","ast-hfb-mobile-header-display":"","site-post-title":"disabled","ast-breadcrumbs-content":"","ast-featured-img":"disabled","footer-sml-layout":"","ast-disable-related-posts":"","theme-transparent-header-meta":"default","adv-header-id-meta":"","stick-header-meta":"","header-above-stick-meta":"","header-main-stick-meta":"","header-below-stick-meta":"","astra-migrate-meta-layouts":"set","ast-page-background-enabled":"default","ast-page-background-meta":{"desktop":{"background-color":"var(--ast-global-color-4)","background-image":"","background-repeat":"repeat","background-position":"center center","background-size":"auto","background-attachment":"scroll","background-type":"","background-media":"","overlay-type":"","overlay-color":"","overlay-opacity":"","overlay-gradient":""},"tablet":{"background-color":"","background-image":"","background-repeat":"repeat","background-position":"center center","background-size":"auto","background-attachment":"scroll","background-type":"","background-media":"","overlay-type":"","overlay-color":"","overlay-opacity":"","overlay-gradient":""},"mobile":{"background-color":"","background-image":"","background-repeat":"repeat","background-position":"center center","background-size":"auto","background-attachment":"scroll","background-type":"","background-media":"","overlay-type":"","overlay-color":"","overlay-opacity":"","overlay-gradient":""}},"ast-content-background-meta":{"desktop":{"background-color":"var(--ast-global-color-5)","background-image":"","background-repeat":"repeat","background-position":"center center","background-size":"auto","background-attachment":"scroll","background-type":"","background-media":"","overlay-type":"","overlay-color":"","overlay-opacity":"","overlay-gradient":""},"tablet":{"background-color":"var(--ast-global-color-5)","background-image":"","background-repeat":"repeat","background-position":"center center","background-size":"auto","background-attachment":"scroll","background-type":"","background-media":"","overlay-type":"","overlay-color":"","overlay-opacity":"","overlay-gradient":""},"mobile":{"background-color":"var(--ast-global-color-5)","background-image":"","background-repeat":"repeat","background-position":"center center","background-size":"auto","background-attachment":"scroll","background-type":"","background-media":"","overlay-type":"","overlay-color":"","overlay-opacity":"","overlay-gradient":""}},"footnotes":""},"class_list":["post-4896","page","type-page","status-publish","hentry"],"yoast_head":"<!-- This site is optimized with the Yoast SEO plugin v27.1.1 - https:\/\/yoast.com\/product\/yoast-seo-wordpress\/ -->\n<title>Servicios al Envejeciente y a Personas con Impedimento - Municipio Aut\u00f3nomo de Guaynabo<\/title>\n<meta name=\"robots\" content=\"index, follow, max-snippet:-1, max-image-preview:large, max-video-preview:-1\" \/>\n<link rel=\"canonical\" href=\"https:\/\/www.guaynabocity.gov.pr\/en\/services-to-the-elderly-and-people-with-disabilities\/\" \/>\n<meta property=\"og:locale\" content=\"en_US\" \/>\n<meta property=\"og:type\" content=\"article\" \/>\n<meta property=\"og:title\" content=\"Servicios al Envejeciente y a Personas con Impedimento - Municipio Aut\u00f3nomo de Guaynabo\" \/>\n<meta property=\"og:description\" content=\"Servicios al Envejeciente y a Personas con Impedimento https:\/\/www.youtube.com\/watch?v=8zF5GnFlUWY Los Centros de Servicios cuentan con un espacio dedicado a la poblaci\u00f3n envejeciente. Adem\u00e1s de los siete centros espec\u00edficos para envejecientes, el programa ofrece atenci\u00f3n domiciliaria a los ciudadanos de la Edad de Oro que est\u00e1n encamados, incapacitados o tienen condiciones de salud que les impiden [&hellip;]\" \/>\n<meta property=\"og:url\" content=\"https:\/\/www.guaynabocity.gov.pr\/en\/services-to-the-elderly-and-people-with-disabilities\/\" \/>\n<meta property=\"og:site_name\" content=\"Municipio Aut\u00f3nomo de Guaynabo\" \/>\n<meta property=\"article:publisher\" content=\"https:\/\/www.facebook.com\/MunGuaynabo\/\" \/>\n<meta property=\"article:modified_time\" content=\"2024-07-09T00:39:04+00:00\" \/>\n<meta name=\"twitter:card\" content=\"summary_large_image\" \/>\n<meta name=\"twitter:label1\" content=\"Est. reading time\" \/>\n\t<meta name=\"twitter:data1\" content=\"1 minute\" \/>\n<script type=\"application\/ld+json\" class=\"yoast-schema-graph\">{\"@context\":\"https:\/\/schema.org\",\"@graph\":[{\"@type\":\"WebPage\",\"@id\":\"https:\/\/www.guaynabocity.gov.pr\/servicios-al-envejeciente-y-a-personas-con-impedimento\/\",\"url\":\"https:\/\/www.guaynabocity.gov.pr\/servicios-al-envejeciente-y-a-personas-con-impedimento\/\",\"name\":\"Servicios al Envejeciente y a Personas con Impedimento - Municipio Aut\u00f3nomo de Guaynabo\",\"isPartOf\":{\"@id\":\"https:\/\/www.guaynabocity.gov.pr\/#website\"},\"datePublished\":\"2024-06-15T02:14:28+00:00\",\"dateModified\":\"2024-07-09T00:39:04+00:00\",\"breadcrumb\":{\"@id\":\"https:\/\/www.guaynabocity.gov.pr\/servicios-al-envejeciente-y-a-personas-con-impedimento\/#breadcrumb\"},\"inLanguage\":\"en-US\",\"potentialAction\":[{\"@type\":\"ReadAction\",\"target\":[\"https:\/\/www.guaynabocity.gov.pr\/servicios-al-envejeciente-y-a-personas-con-impedimento\/\"]}]},{\"@type\":\"BreadcrumbList\",\"@id\":\"https:\/\/www.guaynabocity.gov.pr\/servicios-al-envejeciente-y-a-personas-con-impedimento\/#breadcrumb\",\"itemListElement\":[{\"@type\":\"ListItem\",\"position\":1,\"name\":\"Home\",\"item\":\"https:\/\/www.guaynabocity.gov.pr\/\"},{\"@type\":\"ListItem\",\"position\":2,\"name\":\"Servicios al Envejeciente y a Personas con Impedimento\"}]},{\"@type\":\"WebSite\",\"@id\":\"https:\/\/www.guaynabocity.gov.pr\/#website\",\"url\":\"https:\/\/www.guaynabocity.gov.pr\/\",\"name\":\"Municipio Aut\u00f3nomo de Guaynabo\",\"description\":\"\",\"publisher\":{\"@id\":\"https:\/\/www.guaynabocity.gov.pr\/#organization\"},\"potentialAction\":[{\"@type\":\"SearchAction\",\"target\":{\"@type\":\"EntryPoint\",\"urlTemplate\":\"https:\/\/www.guaynabocity.gov.pr\/?s={search_term_string}\"},\"query-input\":{\"@type\":\"PropertyValueSpecification\",\"valueRequired\":true,\"valueName\":\"search_term_string\"}}],\"inLanguage\":\"en-US\"},{\"@type\":\"Organization\",\"@id\":\"https:\/\/www.guaynabocity.gov.pr\/#organization\",\"name\":\"Municipio Aut\u00f3nomo de Guaynabo\",\"url\":\"https:\/\/www.guaynabocity.gov.pr\/\",\"logo\":{\"@type\":\"ImageObject\",\"inLanguage\":\"en-US\",\"@id\":\"https:\/\/www.guaynabocity.gov.pr\/#\/schema\/logo\/image\/\",\"url\":\"\/wp-content\/uploads\/2023\/12\/Escudo-version-2-1.webp\",\"contentUrl\":\"\/wp-content\/uploads\/2023\/12\/Escudo-version-2-1.webp\",\"width\":605,\"height\":626,\"caption\":\"Municipio Aut\u00f3nomo de Guaynabo\"},\"image\":{\"@id\":\"https:\/\/www.guaynabocity.gov.pr\/#\/schema\/logo\/image\/\"},\"sameAs\":[\"https:\/\/www.facebook.com\/MunGuaynabo\/\"]}]}<\/script>\n<!-- \/ Yoast SEO plugin. -->","yoast_head_json":{"title":"Servicios al Envejeciente y a Personas con Impedimento - Municipio Aut\u00f3nomo de Guaynabo","robots":{"index":"index","follow":"follow","max-snippet":"max-snippet:-1","max-image-preview":"max-image-preview:large","max-video-preview":"max-video-preview:-1"},"canonical":"https:\/\/www.guaynabocity.gov.pr\/en\/services-to-the-elderly-and-people-with-disabilities\/","og_locale":"en_US","og_type":"article","og_title":"Servicios al Envejeciente y a Personas con Impedimento - Municipio Aut\u00f3nomo de Guaynabo","og_description":"Servicios al Envejeciente y a Personas con Impedimento https:\/\/www.youtube.com\/watch?v=8zF5GnFlUWY Los Centros de Servicios cuentan con un espacio dedicado a la poblaci\u00f3n envejeciente. Adem\u00e1s de los siete centros espec\u00edficos para envejecientes, el programa ofrece atenci\u00f3n domiciliaria a los ciudadanos de la Edad de Oro que est\u00e1n encamados, incapacitados o tienen condiciones de salud que les impiden [&hellip;]","og_url":"https:\/\/www.guaynabocity.gov.pr\/en\/services-to-the-elderly-and-people-with-disabilities\/","og_site_name":"Municipio Aut\u00f3nomo de Guaynabo","article_publisher":"https:\/\/www.facebook.com\/MunGuaynabo\/","article_modified_time":"2024-07-09T00:39:04+00:00","twitter_card":"summary_large_image","twitter_misc":{"Est. reading time":"1 minute"},"schema":{"@context":"https:\/\/schema.org","@graph":[{"@type":"WebPage","@id":"https:\/\/www.guaynabocity.gov.pr\/servicios-al-envejeciente-y-a-personas-con-impedimento\/","url":"https:\/\/www.guaynabocity.gov.pr\/servicios-al-envejeciente-y-a-personas-con-impedimento\/","name":"Servicios al Envejeciente y a Personas con Impedimento - Municipio Aut\u00f3nomo de Guaynabo","isPartOf":{"@id":"https:\/\/www.guaynabocity.gov.pr\/#website"},"datePublished":"2024-06-15T02:14:28+00:00","dateModified":"2024-07-09T00:39:04+00:00","breadcrumb":{"@id":"https:\/\/www.guaynabocity.gov.pr\/servicios-al-envejeciente-y-a-personas-con-impedimento\/#breadcrumb"},"inLanguage":"en-US","potentialAction":[{"@type":"ReadAction","target":["https:\/\/www.guaynabocity.gov.pr\/servicios-al-envejeciente-y-a-personas-con-impedimento\/"]}]},{"@type":"BreadcrumbList","@id":"https:\/\/www.guaynabocity.gov.pr\/servicios-al-envejeciente-y-a-personas-con-impedimento\/#breadcrumb","itemListElement":[{"@type":"ListItem","position":1,"name":"Home","item":"https:\/\/www.guaynabocity.gov.pr\/"},{"@type":"ListItem","position":2,"name":"Servicios al Envejeciente y a Personas con Impedimento"}]},{"@type":"WebSite","@id":"https:\/\/www.guaynabocity.gov.pr\/#website","url":"https:\/\/www.guaynabocity.gov.pr\/","name":"Autonomous Municipality of Guaynabo","description":"","publisher":{"@id":"https:\/\/www.guaynabocity.gov.pr\/#organization"},"potentialAction":[{"@type":"SearchAction","target":{"@type":"EntryPoint","urlTemplate":"https:\/\/www.guaynabocity.gov.pr\/?s={search_term_string}"},"query-input":{"@type":"PropertyValueSpecification","valueRequired":true,"valueName":"search_term_string"}}],"inLanguage":"en-US"},{"@type":"Organization","@id":"https:\/\/www.guaynabocity.gov.pr\/#organization","name":"Autonomous Municipality of Guaynabo","url":"https:\/\/www.guaynabocity.gov.pr\/","logo":{"@type":"ImageObject","inLanguage":"en-US","@id":"https:\/\/www.guaynabocity.gov.pr\/#\/schema\/logo\/image\/","url":"\/wp-content\/uploads\/2023\/12\/Escudo-version-2-1.webp","contentUrl":"\/wp-content\/uploads\/2023\/12\/Escudo-version-2-1.webp","width":605,"height":626,"caption":"Municipio Aut\u00f3nomo de Guaynabo"},"image":{"@id":"https:\/\/www.guaynabocity.gov.pr\/#\/schema\/logo\/image\/"},"sameAs":["https:\/\/www.facebook.com\/MunGuaynabo\/"]}]}},"_links":{"self":[{"href":"https:\/\/www.guaynabocity.gov.pr\/en\/wp-json\/wp\/v2\/pages\/4896","targetHints":{"allow":["GET"]}}],"collection":[{"href":"https:\/\/www.guaynabocity.gov.pr\/en\/wp-json\/wp\/v2\/pages"}],"about":[{"href":"https:\/\/www.guaynabocity.gov.pr\/en\/wp-json\/wp\/v2\/types\/page"}],"author":[{"embeddable":true,"href":"https:\/\/www.guaynabocity.gov.pr\/en\/wp-json\/wp\/v2\/users\/14"}],"replies":[{"embeddable":true,"href":"https:\/\/www.guaynabocity.gov.pr\/en\/wp-json\/wp\/v2\/comments?post=4896"}],"version-history":[{"count":13,"href":"https:\/\/www.guaynabocity.gov.pr\/en\/wp-json\/wp\/v2\/pages\/4896\/revisions"}],"predecessor-version":[{"id":5823,"href":"https:\/\/www.guaynabocity.gov.pr\/en\/wp-json\/wp\/v2\/pages\/4896\/revisions\/5823"}],"wp:attachment":[{"href":"https:\/\/www.guaynabocity.gov.pr\/en\/wp-json\/wp\/v2\/media?parent=4896"}],"curies":[{"name":"wp","href":"https:\/\/api.w.org\/{rel}","templated":true}]}}