{"id":4891,"date":"2024-06-15T01:59:15","date_gmt":"2024-06-15T01:59:15","guid":{"rendered":"https:\/\/magportal.azurewebsites.net\/?page_id=4891"},"modified":"2024-08-19T17:54:31","modified_gmt":"2024-08-19T17:54:31","slug":"vivienda","status":"publish","type":"page","link":"https:\/\/www.guaynabocity.gov.pr\/en\/vivienda\/","title":{"rendered":"Housing"},"content":{"rendered":"<div data-elementor-type=\"wp-page\" data-elementor-id=\"4891\" class=\"elementor elementor-4891\" data-elementor-post-type=\"page\">\n\t\t\t\t<div class=\"elementor-element elementor-element-a1f7821 e-flex e-con-boxed e-con e-parent\" data-id=\"a1f7821\" data-element_type=\"container\" data-e-type=\"container\" data-settings=\"{&quot;background_background&quot;:&quot;classic&quot;}\">\n\t\t\t\t\t<div class=\"e-con-inner\">\n\t\t<div class=\"elementor-element elementor-element-e663da8 e-con-full e-flex e-con e-child\" data-id=\"e663da8\" data-element_type=\"container\" data-e-type=\"container\">\n\t\t\t\t<div class=\"elementor-element elementor-element-041bfe0 elementor-widget elementor-widget-heading\" data-id=\"041bfe0\" data-element_type=\"widget\" data-e-type=\"widget\" data-widget_type=\"heading.default\">\n\t\t\t\t<div class=\"elementor-widget-container\">\n\t\t\t\t\t<h2 class=\"elementor-heading-title elementor-size-default\">Housing<\/h2>\t\t\t\t<\/div>\n\t\t\t\t<\/div>\n\t\t\t\t<\/div>\n\t\t\t\t\t<\/div>\n\t\t\t\t<\/div>\n\t\t<div class=\"elementor-element elementor-element-d8bb9f6 e-flex e-con-boxed e-con e-parent\" data-id=\"d8bb9f6\" data-element_type=\"container\" data-e-type=\"container\" data-settings=\"{&quot;background_background&quot;:&quot;classic&quot;}\">\n\t\t\t\t\t<div class=\"e-con-inner\">\n\t\t<div class=\"elementor-element elementor-element-052262e e-flex e-con-boxed e-con e-child\" data-id=\"052262e\" data-element_type=\"container\" data-e-type=\"container\">\n\t\t\t\t\t<div class=\"e-con-inner\">\n\t\t<div class=\"elementor-element elementor-element-f68395e e-flex e-con-boxed e-con e-child\" data-id=\"f68395e\" data-element_type=\"container\" data-e-type=\"container\">\n\t\t\t\t\t<div class=\"e-con-inner\">\n\t\t\t\t<div class=\"elementor-element elementor-element-af08a43 elementor-widget elementor-widget-heading\" data-id=\"af08a43\" data-element_type=\"widget\" data-e-type=\"widget\" data-widget_type=\"heading.default\">\n\t\t\t\t<div class=\"elementor-widget-container\">\n\t\t\t\t\t<h3 class=\"elementor-heading-title elementor-size-default\">Housing Department<\/h3>\t\t\t\t<\/div>\n\t\t\t\t<\/div>\n\t\t\t\t<div class=\"elementor-element elementor-element-49ef02e elementor-widget elementor-widget-text-editor\" data-id=\"49ef02e\" data-element_type=\"widget\" data-e-type=\"widget\" data-widget_type=\"text-editor.default\">\n\t\t\t\t<div class=\"elementor-widget-container\">\n\t\t\t\t\t\t\t\t\tThe Housing Department of the Autonomous Municipality of Guaynabo has a great social responsibility within the service structure of the Municipal Administration by developing programs and taking concrete actions to mitigate the housing needs of low-income families.\n\nThe Department manages several programs and initiatives, including the Housing Rehabilitation and Construction Program, the Por Nuestros Viejos Program and the Homeownership Program.  These are aimed at improving the living conditions and quality of life of Guaynabe\u00f1o families.\t\t\t\t\t\t\t\t<\/div>\n\t\t\t\t<\/div>\n\t\t\t\t<div class=\"elementor-element elementor-element-4242b84 elementor-widget elementor-widget-heading\" data-id=\"4242b84\" data-element_type=\"widget\" data-e-type=\"widget\" data-widget_type=\"heading.default\">\n\t\t\t\t<div class=\"elementor-widget-container\">\n\t\t\t\t\t<span class=\"elementor-heading-title elementor-size-default\">Housing Rehabilitation and Construction Program<\/span>\t\t\t\t<\/div>\n\t\t\t\t<\/div>\n\t\t\t\t<div class=\"elementor-element elementor-element-76de5b6 elementor-widget elementor-widget-text-editor\" data-id=\"76de5b6\" data-element_type=\"widget\" data-e-type=\"widget\" data-widget_type=\"text-editor.default\">\n\t\t\t\t<div class=\"elementor-widget-container\">\n\t\t\t\t\t\t\t\t\t<p>Housing Rehabilitation and Construction Program allows us to help the family for the rehabilitation or construction of their homes through the provision of materials, guidance and assistance with the construction plans and permits required as the case may be.<\/p>\n<ul>\n<li>Materials are provided to qualified families who have the labor.<\/li>\n<li>Construction drawings are provided.<\/li>\n<li>Guidance and assistance with permit procedures is provided.<\/li>\n<li>In situations of extreme need, labor is provided by municipal brigades.<\/li>\n<\/ul>\n<p>In order to receive any of the services offered by the Department, the applicant must meet the following basic criteria:<\/p>\n<ul>\n<li>Be a permanent resident of the Autonomous Municipality of Guaynabo for the past 3 years.<\/li>\n<li>Economically disadvantaged persons.<\/li>\n<li>Any person applying for the benefits of this Program must bring evidence certifying that he\/she is the owner of the land where the house to be rehabilitated or built is located.<\/li>\n<li>If the dwelling is not located on the applicant's property, a written and sworn authorization (affidavit) must be presented by the owner of the lot, in which he\/she authorizes to build and to remain for at least eight (8) years in the property to be built or rehabilitated.<\/li>\n<li>In cases of applying for rehabilitation assistance and not having ownership of the land, but having lived in the structure for more than 20 years, an affidavit certifying such information must be submitted. In cases of new construction or total rehabilitation of housing, an authorization by affidavit from the owner of the land will also be required.<\/li>\n<\/ul>\n<p>Eligibility Criteria<\/p>\n<p style=\"padding-left: 40px;\">To determine the eligibility of those participants who will receive assistance from the Municipal Housing Rehabilitation and Construction Program, the current Federal Housing Department (HUD) table of moderate income levels, adjusted by family component, will be used.&nbsp;<span style=\"font-style: inherit; font-weight: inherit;\">And other requirements according to the initial interview.<\/span><\/p>\n<p>Grounds for ineligibility<\/p>\n<ul>\n<li>Applicant is not a resident of Guaynabo or has not been a resident during the last three (3) years.<\/li>\n<li>That the applicant is a tenant.<\/li>\n<li>The assistance requested is for the applicant's second home or the applicant owns more than one property.<\/li>\n<li>That the family income is greater than that allowed by these Regulations;<\/li>\n<li>The condition of the home does not warrant improvements or repairs;<\/li>\n<li>The dwelling unit is located in a high-risk area or area prone to flooding, according to the FEMA 100-year map, or prone to landslides due to unnatural causes.<\/li>\n<\/ul>\t\t\t\t\t\t\t\t<\/div>\n\t\t\t\t<\/div>\n\t\t\t\t<div class=\"elementor-element elementor-element-1c4e128 elementor-widget elementor-widget-heading\" data-id=\"1c4e128\" data-element_type=\"widget\" data-e-type=\"widget\" data-widget_type=\"heading.default\">\n\t\t\t\t<div class=\"elementor-widget-container\">\n\t\t\t\t\t<span class=\"elementor-heading-title elementor-size-default\">Por Mis Viejos Program<\/span>\t\t\t\t<\/div>\n\t\t\t\t<\/div>\n\t\t\t\t<div class=\"elementor-element elementor-element-8b7a527 elementor-widget elementor-widget-text-editor\" data-id=\"8b7a527\" data-element_type=\"widget\" data-e-type=\"widget\" data-widget_type=\"text-editor.default\">\n\t\t\t\t<div class=\"elementor-widget-container\">\n\t\t\t\t\t\t\t\t\t<p style=\"padding-left: 40px;\">The Por Mis Viejos Program provides the integration of municipal agencies to provide services to our aging population, in order to improve the quality of life by providing direct services and minor repairs in their homes.<\/p><p>Eligibility Criteria<\/p><ul><li>Be a resident of the Municipality of Guaynabo for the last three (3) years.<\/li><li>Be a person sixty (60) years of age or older or with a certified limiting physical condition.<\/li><li>In case of not having ownership, a sworn statement must be submitted explaining the situation.<\/li><\/ul>\t\t\t\t\t\t\t\t<\/div>\n\t\t\t\t<\/div>\n\t\t\t\t<div class=\"elementor-element elementor-element-dfcc35d elementor-widget elementor-widget-heading\" data-id=\"dfcc35d\" data-element_type=\"widget\" data-e-type=\"widget\" data-widget_type=\"heading.default\">\n\t\t\t\t<div class=\"elementor-widget-container\">\n\t\t\t\t\t<span class=\"elementor-heading-title elementor-size-default\">Homeownership Program<\/span>\t\t\t\t<\/div>\n\t\t\t\t<\/div>\n\t\t\t\t<div class=\"elementor-element elementor-element-7546875 elementor-widget elementor-widget-text-editor\" data-id=\"7546875\" data-element_type=\"widget\" data-e-type=\"widget\" data-widget_type=\"text-editor.default\">\n\t\t\t\t<div class=\"elementor-widget-container\">\n\t\t\t\t\t\t\t\t\t<p style=\"padding-left: 40px;\">The Homeownership Program allows us to develop and implement concrete actions to mitigate the need for low-income housing in our city.<\/p><p style=\"padding-left: 40px;\">The provision of healthy, comfortable and safe housing for our low-income families remains one of the priorities of this municipal administration.<\/p><p style=\"padding-left: 40px;\">Our purpose is to improve the environment and housing conditions in the most needy sectors of the municipality. The Homeownership Program will take into account the following factors, among others:<\/p><ul><li style=\"list-style-type: none;\"><ul><li>Areas with a high risk of flooding and\/or landslides.<\/li><li>Densely populated communities where the living conditions of the residents are poor and the structures in which they live are considered unsafe with deficiencies in basic services and prone to devastation by occurrences of fire, hurricanes or any other catastrophic act of nature.<\/li><li>Conditions where the safety of our residents is at risk.<\/li><li>Other reasons that are justified.<\/li><\/ul><\/li><\/ul>\t\t\t\t\t\t\t\t<\/div>\n\t\t\t\t<\/div>\n\t\t\t\t\t<\/div>\n\t\t\t\t<\/div>\n\t\t\t\t\t<\/div>\n\t\t\t\t<\/div>\n\t\t\t\t\t<\/div>\n\t\t\t\t<\/div>\n\t\t\t\t<\/div>","protected":false},"excerpt":{"rendered":"<p>Vivienda Departamento de Vivienda El Departamento de Vivienda del Municipio Aut\u00f3nomo de Guaynabo tiene una gran responsabilidad social dentro de la estructura de servicios de la Administraci\u00f3n Municipal al desarrollar programas y encaminar acciones concretas para mitigar la necesidad de vivienda a las familias de escasos recursos. El Departamento maneja varios programas e iniciativas entre [&hellip;]<\/p>\n","protected":false},"author":14,"featured_media":0,"parent":0,"menu_order":0,"comment_status":"closed","ping_status":"closed","template":"","meta":{"site-sidebar-layout":"no-sidebar","site-content-layout":"","ast-site-content-layout":"full-width-container","site-content-style":"default","site-sidebar-style":"default","ast-global-header-display":"","ast-banner-title-visibility":"","ast-main-header-display":"","ast-hfb-above-header-display":"","ast-hfb-below-header-display":"","ast-hfb-mobile-header-display":"","site-post-title":"disabled","ast-breadcrumbs-content":"","ast-featured-img":"disabled","footer-sml-layout":"","ast-disable-related-posts":"","theme-transparent-header-meta":"default","adv-header-id-meta":"","stick-header-meta":"","header-above-stick-meta":"","header-main-stick-meta":"","header-below-stick-meta":"","astra-migrate-meta-layouts":"set","ast-page-background-enabled":"default","ast-page-background-meta":{"desktop":{"background-color":"var(--ast-global-color-4)","background-image":"","background-repeat":"repeat","background-position":"center center","background-size":"auto","background-attachment":"scroll","background-type":"","background-media":"","overlay-type":"","overlay-color":"","overlay-opacity":"","overlay-gradient":""},"tablet":{"background-color":"","background-image":"","background-repeat":"repeat","background-position":"center center","background-size":"auto","background-attachment":"scroll","background-type":"","background-media":"","overlay-type":"","overlay-color":"","overlay-opacity":"","overlay-gradient":""},"mobile":{"background-color":"","background-image":"","background-repeat":"repeat","background-position":"center center","background-size":"auto","background-attachment":"scroll","background-type":"","background-media":"","overlay-type":"","overlay-color":"","overlay-opacity":"","overlay-gradient":""}},"ast-content-background-meta":{"desktop":{"background-color":"var(--ast-global-color-5)","background-image":"","background-repeat":"repeat","background-position":"center center","background-size":"auto","background-attachment":"scroll","background-type":"","background-media":"","overlay-type":"","overlay-color":"","overlay-opacity":"","overlay-gradient":""},"tablet":{"background-color":"var(--ast-global-color-5)","background-image":"","background-repeat":"repeat","background-position":"center center","background-size":"auto","background-attachment":"scroll","background-type":"","background-media":"","overlay-type":"","overlay-color":"","overlay-opacity":"","overlay-gradient":""},"mobile":{"background-color":"var(--ast-global-color-5)","background-image":"","background-repeat":"repeat","background-position":"center center","background-size":"auto","background-attachment":"scroll","background-type":"","background-media":"","overlay-type":"","overlay-color":"","overlay-opacity":"","overlay-gradient":""}},"footnotes":""},"class_list":["post-4891","page","type-page","status-publish","hentry"],"yoast_head":"<!-- This site is optimized with the Yoast SEO plugin v27.1.1 - https:\/\/yoast.com\/product\/yoast-seo-wordpress\/ -->\n<title>Vivienda - Municipio Aut\u00f3nomo de Guaynabo<\/title>\n<meta name=\"robots\" content=\"index, follow, max-snippet:-1, max-image-preview:large, max-video-preview:-1\" \/>\n<link rel=\"canonical\" href=\"https:\/\/www.guaynabocity.gov.pr\/en\/housing\/\" \/>\n<meta property=\"og:locale\" content=\"en_US\" \/>\n<meta property=\"og:type\" content=\"article\" \/>\n<meta property=\"og:title\" content=\"Vivienda - Municipio Aut\u00f3nomo de Guaynabo\" \/>\n<meta property=\"og:description\" content=\"Vivienda Departamento de Vivienda El Departamento de Vivienda del Municipio Aut\u00f3nomo de Guaynabo tiene una gran responsabilidad social dentro de la estructura de servicios de la Administraci\u00f3n Municipal al desarrollar programas y encaminar acciones concretas para mitigar la necesidad de vivienda a las familias de escasos recursos. El Departamento maneja varios programas e iniciativas entre [&hellip;]\" \/>\n<meta property=\"og:url\" content=\"https:\/\/www.guaynabocity.gov.pr\/en\/housing\/\" \/>\n<meta property=\"og:site_name\" content=\"Municipio Aut\u00f3nomo de Guaynabo\" \/>\n<meta property=\"article:publisher\" content=\"https:\/\/www.facebook.com\/MunGuaynabo\/\" \/>\n<meta property=\"article:modified_time\" content=\"2024-08-19T17:54:31+00:00\" \/>\n<meta name=\"twitter:card\" content=\"summary_large_image\" \/>\n<meta name=\"twitter:label1\" content=\"Est. reading time\" \/>\n\t<meta name=\"twitter:data1\" content=\"4 minutes\" \/>\n<script type=\"application\/ld+json\" class=\"yoast-schema-graph\">{\"@context\":\"https:\/\/schema.org\",\"@graph\":[{\"@type\":\"WebPage\",\"@id\":\"https:\/\/www.guaynabocity.gov.pr\/vivienda\/\",\"url\":\"https:\/\/www.guaynabocity.gov.pr\/vivienda\/\",\"name\":\"Vivienda - Municipio Aut\u00f3nomo de Guaynabo\",\"isPartOf\":{\"@id\":\"https:\/\/www.guaynabocity.gov.pr\/#website\"},\"datePublished\":\"2024-06-15T01:59:15+00:00\",\"dateModified\":\"2024-08-19T17:54:31+00:00\",\"breadcrumb\":{\"@id\":\"https:\/\/www.guaynabocity.gov.pr\/vivienda\/#breadcrumb\"},\"inLanguage\":\"en-US\",\"potentialAction\":[{\"@type\":\"ReadAction\",\"target\":[\"https:\/\/www.guaynabocity.gov.pr\/vivienda\/\"]}]},{\"@type\":\"BreadcrumbList\",\"@id\":\"https:\/\/www.guaynabocity.gov.pr\/vivienda\/#breadcrumb\",\"itemListElement\":[{\"@type\":\"ListItem\",\"position\":1,\"name\":\"Home\",\"item\":\"https:\/\/www.guaynabocity.gov.pr\/\"},{\"@type\":\"ListItem\",\"position\":2,\"name\":\"Vivienda\"}]},{\"@type\":\"WebSite\",\"@id\":\"https:\/\/www.guaynabocity.gov.pr\/#website\",\"url\":\"https:\/\/www.guaynabocity.gov.pr\/\",\"name\":\"Municipio Aut\u00f3nomo de Guaynabo\",\"description\":\"\",\"publisher\":{\"@id\":\"https:\/\/www.guaynabocity.gov.pr\/#organization\"},\"potentialAction\":[{\"@type\":\"SearchAction\",\"target\":{\"@type\":\"EntryPoint\",\"urlTemplate\":\"https:\/\/www.guaynabocity.gov.pr\/?s={search_term_string}\"},\"query-input\":{\"@type\":\"PropertyValueSpecification\",\"valueRequired\":true,\"valueName\":\"search_term_string\"}}],\"inLanguage\":\"en-US\"},{\"@type\":\"Organization\",\"@id\":\"https:\/\/www.guaynabocity.gov.pr\/#organization\",\"name\":\"Municipio Aut\u00f3nomo de Guaynabo\",\"url\":\"https:\/\/www.guaynabocity.gov.pr\/\",\"logo\":{\"@type\":\"ImageObject\",\"inLanguage\":\"en-US\",\"@id\":\"https:\/\/www.guaynabocity.gov.pr\/#\/schema\/logo\/image\/\",\"url\":\"\/wp-content\/uploads\/2023\/12\/Escudo-version-2-1.webp\",\"contentUrl\":\"\/wp-content\/uploads\/2023\/12\/Escudo-version-2-1.webp\",\"width\":605,\"height\":626,\"caption\":\"Municipio Aut\u00f3nomo de Guaynabo\"},\"image\":{\"@id\":\"https:\/\/www.guaynabocity.gov.pr\/#\/schema\/logo\/image\/\"},\"sameAs\":[\"https:\/\/www.facebook.com\/MunGuaynabo\/\"]}]}<\/script>\n<!-- \/ Yoast SEO plugin. -->","yoast_head_json":{"title":"Vivienda - Municipio Aut\u00f3nomo de Guaynabo","robots":{"index":"index","follow":"follow","max-snippet":"max-snippet:-1","max-image-preview":"max-image-preview:large","max-video-preview":"max-video-preview:-1"},"canonical":"https:\/\/www.guaynabocity.gov.pr\/en\/housing\/","og_locale":"en_US","og_type":"article","og_title":"Vivienda - Municipio Aut\u00f3nomo de Guaynabo","og_description":"Vivienda Departamento de Vivienda El Departamento de Vivienda del Municipio Aut\u00f3nomo de Guaynabo tiene una gran responsabilidad social dentro de la estructura de servicios de la Administraci\u00f3n Municipal al desarrollar programas y encaminar acciones concretas para mitigar la necesidad de vivienda a las familias de escasos recursos. El Departamento maneja varios programas e iniciativas entre [&hellip;]","og_url":"https:\/\/www.guaynabocity.gov.pr\/en\/housing\/","og_site_name":"Municipio Aut\u00f3nomo de Guaynabo","article_publisher":"https:\/\/www.facebook.com\/MunGuaynabo\/","article_modified_time":"2024-08-19T17:54:31+00:00","twitter_card":"summary_large_image","twitter_misc":{"Est. reading time":"4 minutes"},"schema":{"@context":"https:\/\/schema.org","@graph":[{"@type":"WebPage","@id":"https:\/\/www.guaynabocity.gov.pr\/vivienda\/","url":"https:\/\/www.guaynabocity.gov.pr\/vivienda\/","name":"Vivienda - Municipio Aut\u00f3nomo de Guaynabo","isPartOf":{"@id":"https:\/\/www.guaynabocity.gov.pr\/#website"},"datePublished":"2024-06-15T01:59:15+00:00","dateModified":"2024-08-19T17:54:31+00:00","breadcrumb":{"@id":"https:\/\/www.guaynabocity.gov.pr\/vivienda\/#breadcrumb"},"inLanguage":"en-US","potentialAction":[{"@type":"ReadAction","target":["https:\/\/www.guaynabocity.gov.pr\/vivienda\/"]}]},{"@type":"BreadcrumbList","@id":"https:\/\/www.guaynabocity.gov.pr\/vivienda\/#breadcrumb","itemListElement":[{"@type":"ListItem","position":1,"name":"Home","item":"https:\/\/www.guaynabocity.gov.pr\/"},{"@type":"ListItem","position":2,"name":"Vivienda"}]},{"@type":"WebSite","@id":"https:\/\/www.guaynabocity.gov.pr\/#website","url":"https:\/\/www.guaynabocity.gov.pr\/","name":"Autonomous Municipality of Guaynabo","description":"","publisher":{"@id":"https:\/\/www.guaynabocity.gov.pr\/#organization"},"potentialAction":[{"@type":"SearchAction","target":{"@type":"EntryPoint","urlTemplate":"https:\/\/www.guaynabocity.gov.pr\/?s={search_term_string}"},"query-input":{"@type":"PropertyValueSpecification","valueRequired":true,"valueName":"search_term_string"}}],"inLanguage":"en-US"},{"@type":"Organization","@id":"https:\/\/www.guaynabocity.gov.pr\/#organization","name":"Autonomous Municipality of Guaynabo","url":"https:\/\/www.guaynabocity.gov.pr\/","logo":{"@type":"ImageObject","inLanguage":"en-US","@id":"https:\/\/www.guaynabocity.gov.pr\/#\/schema\/logo\/image\/","url":"\/wp-content\/uploads\/2023\/12\/Escudo-version-2-1.webp","contentUrl":"\/wp-content\/uploads\/2023\/12\/Escudo-version-2-1.webp","width":605,"height":626,"caption":"Municipio Aut\u00f3nomo de Guaynabo"},"image":{"@id":"https:\/\/www.guaynabocity.gov.pr\/#\/schema\/logo\/image\/"},"sameAs":["https:\/\/www.facebook.com\/MunGuaynabo\/"]}]}},"_links":{"self":[{"href":"https:\/\/www.guaynabocity.gov.pr\/en\/wp-json\/wp\/v2\/pages\/4891","targetHints":{"allow":["GET"]}}],"collection":[{"href":"https:\/\/www.guaynabocity.gov.pr\/en\/wp-json\/wp\/v2\/pages"}],"about":[{"href":"https:\/\/www.guaynabocity.gov.pr\/en\/wp-json\/wp\/v2\/types\/page"}],"author":[{"embeddable":true,"href":"https:\/\/www.guaynabocity.gov.pr\/en\/wp-json\/wp\/v2\/users\/14"}],"replies":[{"embeddable":true,"href":"https:\/\/www.guaynabocity.gov.pr\/en\/wp-json\/wp\/v2\/comments?post=4891"}],"version-history":[{"count":13,"href":"https:\/\/www.guaynabocity.gov.pr\/en\/wp-json\/wp\/v2\/pages\/4891\/revisions"}],"predecessor-version":[{"id":8532,"href":"https:\/\/www.guaynabocity.gov.pr\/en\/wp-json\/wp\/v2\/pages\/4891\/revisions\/8532"}],"wp:attachment":[{"href":"https:\/\/www.guaynabocity.gov.pr\/en\/wp-json\/wp\/v2\/media?parent=4891"}],"curies":[{"name":"wp","href":"https:\/\/api.w.org\/{rel}","templated":true}]}}