{"id":4867,"date":"2024-06-15T00:52:59","date_gmt":"2024-06-15T00:52:59","guid":{"rendered":"https:\/\/magportal.azurewebsites.net\/?page_id=4867"},"modified":"2025-02-24T18:47:51","modified_gmt":"2025-02-24T22:47:51","slug":"secretaria-municipal","status":"publish","type":"page","link":"https:\/\/www.guaynabocity.gov.pr\/en\/secretaria-municipal\/","title":{"rendered":"Municipal Secretariat"},"content":{"rendered":"<div data-elementor-type=\"wp-page\" data-elementor-id=\"4867\" class=\"elementor elementor-4867\" data-elementor-post-type=\"page\">\n\t\t\t\t<div class=\"elementor-element elementor-element-a1f7821 e-flex e-con-boxed e-con e-parent\" data-id=\"a1f7821\" data-element_type=\"container\" data-e-type=\"container\" data-settings=\"{&quot;background_background&quot;:&quot;classic&quot;}\">\n\t\t\t\t\t<div class=\"e-con-inner\">\n\t\t<div class=\"elementor-element elementor-element-e663da8 e-con-full e-flex e-con e-child\" data-id=\"e663da8\" data-element_type=\"container\" data-e-type=\"container\">\n\t\t\t\t<div class=\"elementor-element elementor-element-041bfe0 elementor-widget elementor-widget-heading\" data-id=\"041bfe0\" data-element_type=\"widget\" data-e-type=\"widget\" data-widget_type=\"heading.default\">\n\t\t\t\t<div class=\"elementor-widget-container\">\n\t\t\t\t\t<h2 class=\"elementor-heading-title elementor-size-default\">Municipal Secretariat <\/h2>\t\t\t\t<\/div>\n\t\t\t\t<\/div>\n\t\t\t\t<\/div>\n\t\t\t\t\t<\/div>\n\t\t\t\t<\/div>\n\t\t<div class=\"elementor-element elementor-element-d8bb9f6 e-flex e-con-boxed e-con e-parent\" data-id=\"d8bb9f6\" data-element_type=\"container\" data-e-type=\"container\" data-settings=\"{&quot;background_background&quot;:&quot;classic&quot;}\">\n\t\t\t\t\t<div class=\"e-con-inner\">\n\t\t<div class=\"elementor-element elementor-element-052262e e-flex e-con-boxed e-con e-child\" data-id=\"052262e\" data-element_type=\"container\" data-e-type=\"container\">\n\t\t\t\t\t<div class=\"e-con-inner\">\n\t\t<div class=\"elementor-element elementor-element-f68395e e-flex e-con-boxed e-con e-child\" data-id=\"f68395e\" data-element_type=\"container\" data-e-type=\"container\">\n\t\t\t\t\t<div class=\"e-con-inner\">\n\t\t\t\t<div class=\"elementor-element elementor-element-af08a43 elementor-widget elementor-widget-heading\" data-id=\"af08a43\" data-element_type=\"widget\" data-e-type=\"widget\" data-widget_type=\"heading.default\">\n\t\t\t\t<div class=\"elementor-widget-container\">\n\t\t\t\t\t<h3 class=\"elementor-heading-title elementor-size-default\">The Office of the Municipal Secretary constitutes one of the administrative units of the organizational structure that every municipality must have, as established in Act No. 107-2020, as amended, better known as the \"Municipal Code of Puerto Rico\".<\/h3>\t\t\t\t<\/div>\n\t\t\t\t<\/div>\n\t\t\t\t<div class=\"elementor-element elementor-element-4242b84 elementor-widget elementor-widget-heading\" data-id=\"4242b84\" data-element_type=\"widget\" data-e-type=\"widget\" data-widget_type=\"heading.default\">\n\t\t\t\t<div class=\"elementor-widget-container\">\n\t\t\t\t\t<span class=\"elementor-heading-title elementor-size-default\">La Secretaria Municipal tiene como funciones y responsabilidades, entre otras:<\/span>\t\t\t\t<\/div>\n\t\t\t\t<\/div>\n\t\t\t\t<div class=\"elementor-element elementor-element-76de5b6 elementor-widget elementor-widget-text-editor\" data-id=\"76de5b6\" data-element_type=\"widget\" data-e-type=\"widget\" data-widget_type=\"text-editor.default\">\n\t\t\t\t<div class=\"elementor-widget-container\">\n\t\t\t\t\t\t\t\t\t<ul><li>Develop the auction and request for proposal processes.<\/li><li>Publish public notices, RFP notices, auctions, notice of public hearings.<\/li><li>Custodian of cemetery purchase and rental records.<\/li><li>To issue the required certifications of the documents in its custody.<\/li><li>Custodio de los documentos inactivos.<\/li><li>It is in charge of receiving and delivering internal and external correspondence (regular and\/or certified) between the different departments of the Municipality.<\/li><\/ul>\t\t\t\t\t\t\t\t<\/div>\n\t\t\t\t<\/div>\n\t\t\t\t<div class=\"elementor-element elementor-element-1c4e128 elementor-widget elementor-widget-heading\" data-id=\"1c4e128\" data-element_type=\"widget\" data-e-type=\"widget\" data-widget_type=\"heading.default\">\n\t\t\t\t<div class=\"elementor-widget-container\">\n\t\t\t\t\t<span class=\"elementor-heading-title elementor-size-default\">Operational Areas<\/span>\t\t\t\t<\/div>\n\t\t\t\t<\/div>\n\t\t\t\t<div class=\"elementor-element elementor-element-8b7a527 elementor-widget elementor-widget-text-editor\" data-id=\"8b7a527\" data-element_type=\"widget\" data-e-type=\"widget\" data-widget_type=\"text-editor.default\">\n\t\t\t\t<div class=\"elementor-widget-container\">\n\t\t\t\t\t\t\t\t\t<ul><li>Office of the Municipal Secretary<\/li><li>Auction Board Office<\/li><li>Internal Mail<\/li><li>Archiving Inactive Documents<\/li><li>Bidder Registration<\/li><\/ul>\t\t\t\t\t\t\t\t<\/div>\n\t\t\t\t<\/div>\n\t\t\t\t<div class=\"elementor-element elementor-element-dfcc35d elementor-widget elementor-widget-heading\" data-id=\"dfcc35d\" data-element_type=\"widget\" data-e-type=\"widget\" data-widget_type=\"heading.default\">\n\t\t\t\t<div class=\"elementor-widget-container\">\n\t\t\t\t\t<span class=\"elementor-heading-title elementor-size-default\">Contact<\/span>\t\t\t\t<\/div>\n\t\t\t\t<\/div>\n\t\t\t\t<div class=\"elementor-element elementor-element-7546875 elementor-widget elementor-widget-text-editor\" data-id=\"7546875\" data-element_type=\"widget\" data-e-type=\"widget\" data-widget_type=\"text-editor.default\">\n\t\t\t\t<div class=\"elementor-widget-container\">\n\t\t\t\t\t\t\t\t\t<ul><li>Vanessa Babilonia Milligan, City Clerk<\/li><li>Telephone: (787) 720-4040 Extension 6232, 6243, 6300, 6153<\/li><li>Hours: Monday to Friday 8:00 a.m. to 4:00 p.m.<\/li><li>E-mail: <a href=\"mailto:secretariamunicipal@guaynabocity.gov.pr\" target=\"_blank\" rel=\"noopener\"><span lang=\"ES-PR\">municipalsecretariat<wbr \/>al@guaynabocity.gov.pr<\/span><\/a> \u00a0<\/li><li>Address: Municipal Secretary's Office. P.O. Box 7885. Guaynabo, Puerto Rico 00970<\/li><li>Localizaci\u00f3n: Guaynabo City Hall, Piso 4. Calle Jos\u00e9 De Diego. Centro de Gobierno \u201cCity Hall\u201d, Piso 1<\/li><\/ul>\t\t\t\t\t\t\t\t<\/div>\n\t\t\t\t<\/div>\n\t\t\t\t<div class=\"elementor-element elementor-element-8365951 elementor-widget elementor-widget-html\" data-id=\"8365951\" data-element_type=\"widget\" data-e-type=\"widget\" data-widget_type=\"html.default\">\n\t\t\t\t<div class=\"elementor-widget-container\">\n\t\t\t\t\t<iframe src=\"https:\/\/www.google.com\/maps\/embed?pb=!1m14!1m8!1m3!1d1103.7700944923333!2d-66.11243551283273!3d18.358412961652867!3m2!1i1024!2i768!4f13.1!3m3!1m2!1s0x8c034275dccef649%3A0xbd64662826705a06!2sCasa%20Alcald%C3%ADa%20de%20Guaynabo!5e0!3m2!1ses!2sve!4v1718032177157!5m2!1ses!2sve\" width=\"600\" height=\"450\" style=\"border:0;\" allowfullscreen=\"\" loading=\"lazy\" referrerpolicy=\"no-referrer-when-downgrade\"><\/iframe>\t\t\t\t<\/div>\n\t\t\t\t<\/div>\n\t\t\t\t<div class=\"elementor-element elementor-element-cff59b8 elementor-align-center elementor-widget elementor-widget-button\" data-id=\"cff59b8\" data-element_type=\"widget\" data-e-type=\"widget\" data-widget_type=\"button.default\">\n\t\t\t\t<div class=\"elementor-widget-container\">\n\t\t\t\t\t\t\t\t\t<div class=\"elementor-button-wrapper\">\n\t\t\t\t\t<a class=\"elementor-button elementor-button-link elementor-size-sm\" href=\"\/en\/auction-portal\/\">\n\t\t\t\t\t\t<span class=\"elementor-button-content-wrapper\">\n\t\t\t\t\t\t<span class=\"elementor-button-icon\">\n\t\t\t\t<svg aria-hidden=\"true\" class=\"e-font-icon-svg e-fas-file-invoice\" viewbox=\"0 0 384 512\" xmlns=\"http:\/\/www.w3.org\/2000\/svg\"><path d=\"M288 256H96v64h192v-64zm89-151L279.1 7c-4.5-4.5-10.6-7-17-7H256v128h128v-6.1c0-6.3-2.5-12.4-7-16.9zm-153 31V0H24C10.7 0 0 10.7 0 24v464c0 13.3 10.7 24 24 24h336c13.3 0 24-10.7 24-24V160H248c-13.2 0-24-10.8-24-24zM64 72c0-4.42 3.58-8 8-8h80c4.42 0 8 3.58 8 8v16c0 4.42-3.58 8-8 8H72c-4.42 0-8-3.58-8-8V72zm0 64c0-4.42 3.58-8 8-8h80c4.42 0 8 3.58 8 8v16c0 4.42-3.58 8-8 8H72c-4.42 0-8-3.58-8-8v-16zm256 304c0 4.42-3.58 8-8 8h-80c-4.42 0-8-3.58-8-8v-16c0-4.42 3.58-8 8-8h80c4.42 0 8 3.58 8 8v16zm0-200v96c0 8.84-7.16 16-16 16H80c-8.84 0-16-7.16-16-16v-96c0-8.84 7.16-16 16-16h224c8.84 0 16 7.16 16 16z\"><\/path><\/svg>\t\t\t<\/span>\n\t\t\t\t\t\t\t\t\t<span class=\"elementor-button-text\">View Current Auctions<\/span>\n\t\t\t\t\t<\/span>\n\t\t\t\t\t<\/a>\n\t\t\t\t<\/div>\n\t\t\t\t\t\t\t\t<\/div>\n\t\t\t\t<\/div>\n\t\t\t\t\t<\/div>\n\t\t\t\t<\/div>\n\t\t\t\t\t<\/div>\n\t\t\t\t<\/div>\n\t\t\t\t\t<\/div>\n\t\t\t\t<\/div>\n\t\t\t\t<\/div>","protected":false},"excerpt":{"rendered":"<p>Secretar\u00eda Municipal La Oficina de Secretar\u00eda Municipal constituye una de las unidades administrativas de la estructura organizacional que debe tener todo municipio, seg\u00fan establecido en la Ley N\u00fam. 107-2020, seg\u00fan enmendada, mejor conocida como \u201cC\u00f3digo Municipal de Puerto Rico\u201d. La Secretaria Municipal tiene como funciones y responsabilidades, entre otras: Desarrollar los procesos de subastas y [&hellip;]<\/p>\n","protected":false},"author":14,"featured_media":0,"parent":0,"menu_order":0,"comment_status":"closed","ping_status":"closed","template":"","meta":{"site-sidebar-layout":"no-sidebar","site-content-layout":"","ast-site-content-layout":"full-width-container","site-content-style":"default","site-sidebar-style":"default","ast-global-header-display":"","ast-banner-title-visibility":"","ast-main-header-display":"","ast-hfb-above-header-display":"","ast-hfb-below-header-display":"","ast-hfb-mobile-header-display":"","site-post-title":"disabled","ast-breadcrumbs-content":"","ast-featured-img":"disabled","footer-sml-layout":"","ast-disable-related-posts":"","theme-transparent-header-meta":"default","adv-header-id-meta":"","stick-header-meta":"","header-above-stick-meta":"","header-main-stick-meta":"","header-below-stick-meta":"","astra-migrate-meta-layouts":"set","ast-page-background-enabled":"default","ast-page-background-meta":{"desktop":{"background-color":"var(--ast-global-color-4)","background-image":"","background-repeat":"repeat","background-position":"center center","background-size":"auto","background-attachment":"scroll","background-type":"","background-media":"","overlay-type":"","overlay-color":"","overlay-opacity":"","overlay-gradient":""},"tablet":{"background-color":"","background-image":"","background-repeat":"repeat","background-position":"center center","background-size":"auto","background-attachment":"scroll","background-type":"","background-media":"","overlay-type":"","overlay-color":"","overlay-opacity":"","overlay-gradient":""},"mobile":{"background-color":"","background-image":"","background-repeat":"repeat","background-position":"center center","background-size":"auto","background-attachment":"scroll","background-type":"","background-media":"","overlay-type":"","overlay-color":"","overlay-opacity":"","overlay-gradient":""}},"ast-content-background-meta":{"desktop":{"background-color":"var(--ast-global-color-5)","background-image":"","background-repeat":"repeat","background-position":"center center","background-size":"auto","background-attachment":"scroll","background-type":"","background-media":"","overlay-type":"","overlay-color":"","overlay-opacity":"","overlay-gradient":""},"tablet":{"background-color":"var(--ast-global-color-5)","background-image":"","background-repeat":"repeat","background-position":"center center","background-size":"auto","background-attachment":"scroll","background-type":"","background-media":"","overlay-type":"","overlay-color":"","overlay-opacity":"","overlay-gradient":""},"mobile":{"background-color":"var(--ast-global-color-5)","background-image":"","background-repeat":"repeat","background-position":"center center","background-size":"auto","background-attachment":"scroll","background-type":"","background-media":"","overlay-type":"","overlay-color":"","overlay-opacity":"","overlay-gradient":""}},"footnotes":""},"class_list":["post-4867","page","type-page","status-publish","hentry"],"yoast_head":"<!-- This site is optimized with the Yoast SEO plugin v27.1.1 - https:\/\/yoast.com\/product\/yoast-seo-wordpress\/ -->\n<title>Secretar\u00eda Municipal - Municipio Aut\u00f3nomo de Guaynabo<\/title>\n<meta name=\"robots\" content=\"index, follow, max-snippet:-1, max-image-preview:large, max-video-preview:-1\" \/>\n<link rel=\"canonical\" href=\"https:\/\/www.guaynabocity.gov.pr\/en\/municipal-secretary\/\" \/>\n<meta property=\"og:locale\" content=\"en_US\" \/>\n<meta property=\"og:type\" content=\"article\" \/>\n<meta property=\"og:title\" content=\"Secretar\u00eda Municipal - Municipio Aut\u00f3nomo de Guaynabo\" \/>\n<meta property=\"og:description\" content=\"Secretar\u00eda Municipal La Oficina de Secretar\u00eda Municipal constituye una de las unidades administrativas de la estructura organizacional que debe tener todo municipio, seg\u00fan establecido en la Ley N\u00fam. 107-2020, seg\u00fan enmendada, mejor conocida como \u201cC\u00f3digo Municipal de Puerto Rico\u201d. La Secretaria Municipal tiene como funciones y responsabilidades, entre otras: Desarrollar los procesos de subastas y [&hellip;]\" \/>\n<meta property=\"og:url\" content=\"https:\/\/www.guaynabocity.gov.pr\/en\/municipal-secretary\/\" \/>\n<meta property=\"og:site_name\" content=\"Municipio Aut\u00f3nomo de Guaynabo\" \/>\n<meta property=\"article:publisher\" content=\"https:\/\/www.facebook.com\/MunGuaynabo\/\" \/>\n<meta property=\"article:modified_time\" content=\"2025-02-24T22:47:51+00:00\" \/>\n<meta name=\"twitter:card\" content=\"summary_large_image\" \/>\n<meta name=\"twitter:label1\" content=\"Est. reading time\" \/>\n\t<meta name=\"twitter:data1\" content=\"1 minute\" \/>\n<script type=\"application\/ld+json\" class=\"yoast-schema-graph\">{\"@context\":\"https:\/\/schema.org\",\"@graph\":[{\"@type\":\"WebPage\",\"@id\":\"https:\/\/www.guaynabocity.gov.pr\/secretaria-municipal\/\",\"url\":\"https:\/\/www.guaynabocity.gov.pr\/secretaria-municipal\/\",\"name\":\"Secretar\u00eda Municipal - Municipio Aut\u00f3nomo de Guaynabo\",\"isPartOf\":{\"@id\":\"https:\/\/www.guaynabocity.gov.pr\/#website\"},\"datePublished\":\"2024-06-15T00:52:59+00:00\",\"dateModified\":\"2025-02-24T22:47:51+00:00\",\"breadcrumb\":{\"@id\":\"https:\/\/www.guaynabocity.gov.pr\/secretaria-municipal\/#breadcrumb\"},\"inLanguage\":\"en-US\",\"potentialAction\":[{\"@type\":\"ReadAction\",\"target\":[\"https:\/\/www.guaynabocity.gov.pr\/secretaria-municipal\/\"]}]},{\"@type\":\"BreadcrumbList\",\"@id\":\"https:\/\/www.guaynabocity.gov.pr\/secretaria-municipal\/#breadcrumb\",\"itemListElement\":[{\"@type\":\"ListItem\",\"position\":1,\"name\":\"Home\",\"item\":\"https:\/\/www.guaynabocity.gov.pr\/\"},{\"@type\":\"ListItem\",\"position\":2,\"name\":\"Secretar\u00eda Municipal\"}]},{\"@type\":\"WebSite\",\"@id\":\"https:\/\/www.guaynabocity.gov.pr\/#website\",\"url\":\"https:\/\/www.guaynabocity.gov.pr\/\",\"name\":\"Municipio Aut\u00f3nomo de Guaynabo\",\"description\":\"\",\"publisher\":{\"@id\":\"https:\/\/www.guaynabocity.gov.pr\/#organization\"},\"potentialAction\":[{\"@type\":\"SearchAction\",\"target\":{\"@type\":\"EntryPoint\",\"urlTemplate\":\"https:\/\/www.guaynabocity.gov.pr\/?s={search_term_string}\"},\"query-input\":{\"@type\":\"PropertyValueSpecification\",\"valueRequired\":true,\"valueName\":\"search_term_string\"}}],\"inLanguage\":\"en-US\"},{\"@type\":\"Organization\",\"@id\":\"https:\/\/www.guaynabocity.gov.pr\/#organization\",\"name\":\"Municipio Aut\u00f3nomo de Guaynabo\",\"url\":\"https:\/\/www.guaynabocity.gov.pr\/\",\"logo\":{\"@type\":\"ImageObject\",\"inLanguage\":\"en-US\",\"@id\":\"https:\/\/www.guaynabocity.gov.pr\/#\/schema\/logo\/image\/\",\"url\":\"\/wp-content\/uploads\/2023\/12\/Escudo-version-2-1.webp\",\"contentUrl\":\"\/wp-content\/uploads\/2023\/12\/Escudo-version-2-1.webp\",\"width\":605,\"height\":626,\"caption\":\"Municipio Aut\u00f3nomo de Guaynabo\"},\"image\":{\"@id\":\"https:\/\/www.guaynabocity.gov.pr\/#\/schema\/logo\/image\/\"},\"sameAs\":[\"https:\/\/www.facebook.com\/MunGuaynabo\/\"]}]}<\/script>\n<!-- \/ Yoast SEO plugin. -->","yoast_head_json":{"title":"Secretar\u00eda Municipal - Municipio Aut\u00f3nomo de Guaynabo","robots":{"index":"index","follow":"follow","max-snippet":"max-snippet:-1","max-image-preview":"max-image-preview:large","max-video-preview":"max-video-preview:-1"},"canonical":"https:\/\/www.guaynabocity.gov.pr\/en\/municipal-secretary\/","og_locale":"en_US","og_type":"article","og_title":"Secretar\u00eda Municipal - Municipio Aut\u00f3nomo de Guaynabo","og_description":"Secretar\u00eda Municipal La Oficina de Secretar\u00eda Municipal constituye una de las unidades administrativas de la estructura organizacional que debe tener todo municipio, seg\u00fan establecido en la Ley N\u00fam. 107-2020, seg\u00fan enmendada, mejor conocida como \u201cC\u00f3digo Municipal de Puerto Rico\u201d. La Secretaria Municipal tiene como funciones y responsabilidades, entre otras: Desarrollar los procesos de subastas y [&hellip;]","og_url":"https:\/\/www.guaynabocity.gov.pr\/en\/municipal-secretary\/","og_site_name":"Municipio Aut\u00f3nomo de Guaynabo","article_publisher":"https:\/\/www.facebook.com\/MunGuaynabo\/","article_modified_time":"2025-02-24T22:47:51+00:00","twitter_card":"summary_large_image","twitter_misc":{"Est. reading time":"1 minute"},"schema":{"@context":"https:\/\/schema.org","@graph":[{"@type":"WebPage","@id":"https:\/\/www.guaynabocity.gov.pr\/secretaria-municipal\/","url":"https:\/\/www.guaynabocity.gov.pr\/secretaria-municipal\/","name":"Secretar\u00eda Municipal - Municipio Aut\u00f3nomo de Guaynabo","isPartOf":{"@id":"https:\/\/www.guaynabocity.gov.pr\/#website"},"datePublished":"2024-06-15T00:52:59+00:00","dateModified":"2025-02-24T22:47:51+00:00","breadcrumb":{"@id":"https:\/\/www.guaynabocity.gov.pr\/secretaria-municipal\/#breadcrumb"},"inLanguage":"en-US","potentialAction":[{"@type":"ReadAction","target":["https:\/\/www.guaynabocity.gov.pr\/secretaria-municipal\/"]}]},{"@type":"BreadcrumbList","@id":"https:\/\/www.guaynabocity.gov.pr\/secretaria-municipal\/#breadcrumb","itemListElement":[{"@type":"ListItem","position":1,"name":"Home","item":"https:\/\/www.guaynabocity.gov.pr\/"},{"@type":"ListItem","position":2,"name":"Secretar\u00eda Municipal"}]},{"@type":"WebSite","@id":"https:\/\/www.guaynabocity.gov.pr\/#website","url":"https:\/\/www.guaynabocity.gov.pr\/","name":"Autonomous Municipality of Guaynabo","description":"","publisher":{"@id":"https:\/\/www.guaynabocity.gov.pr\/#organization"},"potentialAction":[{"@type":"SearchAction","target":{"@type":"EntryPoint","urlTemplate":"https:\/\/www.guaynabocity.gov.pr\/?s={search_term_string}"},"query-input":{"@type":"PropertyValueSpecification","valueRequired":true,"valueName":"search_term_string"}}],"inLanguage":"en-US"},{"@type":"Organization","@id":"https:\/\/www.guaynabocity.gov.pr\/#organization","name":"Autonomous Municipality of Guaynabo","url":"https:\/\/www.guaynabocity.gov.pr\/","logo":{"@type":"ImageObject","inLanguage":"en-US","@id":"https:\/\/www.guaynabocity.gov.pr\/#\/schema\/logo\/image\/","url":"\/wp-content\/uploads\/2023\/12\/Escudo-version-2-1.webp","contentUrl":"\/wp-content\/uploads\/2023\/12\/Escudo-version-2-1.webp","width":605,"height":626,"caption":"Municipio Aut\u00f3nomo de Guaynabo"},"image":{"@id":"https:\/\/www.guaynabocity.gov.pr\/#\/schema\/logo\/image\/"},"sameAs":["https:\/\/www.facebook.com\/MunGuaynabo\/"]}]}},"_links":{"self":[{"href":"https:\/\/www.guaynabocity.gov.pr\/en\/wp-json\/wp\/v2\/pages\/4867","targetHints":{"allow":["GET"]}}],"collection":[{"href":"https:\/\/www.guaynabocity.gov.pr\/en\/wp-json\/wp\/v2\/pages"}],"about":[{"href":"https:\/\/www.guaynabocity.gov.pr\/en\/wp-json\/wp\/v2\/types\/page"}],"author":[{"embeddable":true,"href":"https:\/\/www.guaynabocity.gov.pr\/en\/wp-json\/wp\/v2\/users\/14"}],"replies":[{"embeddable":true,"href":"https:\/\/www.guaynabocity.gov.pr\/en\/wp-json\/wp\/v2\/comments?post=4867"}],"version-history":[{"count":19,"href":"https:\/\/www.guaynabocity.gov.pr\/en\/wp-json\/wp\/v2\/pages\/4867\/revisions"}],"predecessor-version":[{"id":17699,"href":"https:\/\/www.guaynabocity.gov.pr\/en\/wp-json\/wp\/v2\/pages\/4867\/revisions\/17699"}],"wp:attachment":[{"href":"https:\/\/www.guaynabocity.gov.pr\/en\/wp-json\/wp\/v2\/media?parent=4867"}],"curies":[{"name":"wp","href":"https:\/\/api.w.org\/{rel}","templated":true}]}}