{"id":2597,"date":"2024-05-07T15:05:19","date_gmt":"2024-05-07T15:05:19","guid":{"rendered":"https:\/\/magportal.azurewebsites.net\/?page_id=2597"},"modified":"2024-05-07T15:19:58","modified_gmt":"2024-05-07T15:19:58","slug":"contenedores-de-textiles","status":"publish","type":"page","link":"https:\/\/www.guaynabocity.gov.pr\/en\/contenedores-de-textiles\/","title":{"rendered":"Textile Containers"},"content":{"rendered":"<div data-elementor-type=\"wp-page\" data-elementor-id=\"2597\" class=\"elementor elementor-2597\" data-elementor-post-type=\"page\">\n\t\t\t\t<div class=\"elementor-element elementor-element-a1f7821 e-flex e-con-boxed e-con e-parent\" data-id=\"a1f7821\" data-element_type=\"container\" data-e-type=\"container\" data-settings=\"{&quot;background_background&quot;:&quot;classic&quot;}\">\n\t\t\t\t\t<div class=\"e-con-inner\">\n\t\t<div class=\"elementor-element elementor-element-e663da8 e-con-full e-flex e-con e-child\" data-id=\"e663da8\" data-element_type=\"container\" data-e-type=\"container\">\n\t\t\t\t<div class=\"elementor-element elementor-element-041bfe0 elementor-widget elementor-widget-heading\" data-id=\"041bfe0\" data-element_type=\"widget\" data-e-type=\"widget\" data-widget_type=\"heading.default\">\n\t\t\t\t<div class=\"elementor-widget-container\">\n\t\t\t\t\t<h2 class=\"elementor-heading-title elementor-size-default\">Textile Containers<\/h2>\t\t\t\t<\/div>\n\t\t\t\t<\/div>\n\t\t\t\t<\/div>\n\t\t\t\t\t<\/div>\n\t\t\t\t<\/div>\n\t\t<div class=\"elementor-element elementor-element-d8bb9f6 e-con-full e-flex e-con e-parent\" data-id=\"d8bb9f6\" data-element_type=\"container\" data-e-type=\"container\" data-settings=\"{&quot;background_background&quot;:&quot;classic&quot;}\">\n\t\t<div class=\"elementor-element elementor-element-052262e e-flex e-con-boxed e-con e-child\" data-id=\"052262e\" data-element_type=\"container\" data-e-type=\"container\">\n\t\t\t\t\t<div class=\"e-con-inner\">\n\t\t<div class=\"elementor-element elementor-element-f68395e e-flex e-con-boxed e-con e-child\" data-id=\"f68395e\" data-element_type=\"container\" data-e-type=\"container\">\n\t\t\t\t\t<div class=\"e-con-inner\">\n\t\t\t\t<div class=\"elementor-element elementor-element-c4d5e46 elementor-widget elementor-widget-heading\" data-id=\"c4d5e46\" data-element_type=\"widget\" data-e-type=\"widget\" data-widget_type=\"heading.default\">\n\t\t\t\t<div class=\"elementor-widget-container\">\n\t\t\t\t\t<span class=\"elementor-heading-title elementor-size-default\">Location of Containers<\/span>\t\t\t\t<\/div>\n\t\t\t\t<\/div>\n\t\t\t\t<div class=\"elementor-element elementor-element-b4b88be elementor-widget elementor-widget-text-editor\" data-id=\"b4b88be\" data-element_type=\"widget\" data-e-type=\"widget\" data-widget_type=\"text-editor.default\">\n\t\t\t\t<div class=\"elementor-widget-container\">\n\t\t\t\t\t\t\t\t\t<ol><li>Recycling Plant<\/li><li>Moises Garcia Park, Bo. Mamey<\/li><li>Hato Nuevo Multi-Service Center<\/li><li>Operational Center<\/li><li>Camarones Neighborhood Senior Citizens Center<\/li><li>City Hall<\/li><li>Mario Jimenez<\/li><li>Yolanda Guerrero Cultural Center<\/li><li>Municipal Police Transit Headquarters<\/li><li>Munoz Rivera Multi-Service Center<\/li><li>Santos Rivera P\u00e9rez Building<\/li><li>Santa Rosa III Multi-Service Center<\/li><li>Boulevard del Rio II<\/li><li>Torrimar Park<\/li><li>Juan Domingo Multiple Services Center<\/li><li>San Patricio Ave. across from Crissy Gonzalez Passive Park<\/li><li>Amelia Multiple Services (Mini Mayor's Office)<\/li><li>Select Ave. Esmeralda<\/li><li>Caparra Square<\/li><li>Apolo Bakery<\/li><li>Supermarket 177<\/li><li>Alejandrino Square<\/li><li>Adianez School<\/li><li>Walgreens Royal Gardens<\/li><li>Walgreens Filters<\/li><li>Walgreens Villa Caparra<\/li><li>Walgreens Waterfront (Amelia)<\/li><li>Bonanza Supermarket\/ Total<\/li><li>Puma Plaza Gas Station Guaynabo<\/li><li>Torrimar Peak<\/li><li>Malaga Park<\/li><li>Colinas Metropolitanas<\/li><li>Wapa TV<\/li><li>Maria Madre de la Misericordia Parish, Santa Ana Ave.<\/li><li>Caparra Country Club<\/li><li>Free Trade Zone<\/li><li>Food Trucks, San Ignacio Street<\/li><\/ol>\t\t\t\t\t\t\t\t<\/div>\n\t\t\t\t<\/div>\n\t\t\t\t\t<\/div>\n\t\t\t\t<\/div>\n\t\t\t\t\t<\/div>\n\t\t\t\t<\/div>\n\t\t\t\t<\/div>\n\t\t\t\t<\/div>","protected":false},"excerpt":{"rendered":"<p>Contenedores de Textiles Ubicaci\u00f3n de los Contenedores Planta de Reciclaje Parque Mois\u00e9s Garc\u00eda, Bo. Mamey Centro de Servicios M\u00faltiples Hato Nuevo Centro Operacional Centro Envejecientes Barrio Camarones City Hall Mario Jim\u00e9nez Centro Cultural Yolanda Guerrero Cuartel de Transito Polic\u00eda Municipal Centro de Servicios Multiples Munoz Rivera Edificio Santos Rivera P\u00e9rez Centro de Servicios M\u00faltiples Santa [&hellip;]<\/p>\n","protected":false},"author":14,"featured_media":0,"parent":0,"menu_order":0,"comment_status":"closed","ping_status":"closed","template":"","meta":{"site-sidebar-layout":"no-sidebar","site-content-layout":"","ast-site-content-layout":"full-width-container","site-content-style":"default","site-sidebar-style":"default","ast-global-header-display":"","ast-banner-title-visibility":"","ast-main-header-display":"","ast-hfb-above-header-display":"","ast-hfb-below-header-display":"","ast-hfb-mobile-header-display":"","site-post-title":"disabled","ast-breadcrumbs-content":"","ast-featured-img":"disabled","footer-sml-layout":"","ast-disable-related-posts":"","theme-transparent-header-meta":"default","adv-header-id-meta":"","stick-header-meta":"","header-above-stick-meta":"","header-main-stick-meta":"","header-below-stick-meta":"","astra-migrate-meta-layouts":"set","ast-page-background-enabled":"default","ast-page-background-meta":{"desktop":{"background-color":"var(--ast-global-color-4)","background-image":"","background-repeat":"repeat","background-position":"center center","background-size":"auto","background-attachment":"scroll","background-type":"","background-media":"","overlay-type":"","overlay-color":"","overlay-opacity":"","overlay-gradient":""},"tablet":{"background-color":"","background-image":"","background-repeat":"repeat","background-position":"center center","background-size":"auto","background-attachment":"scroll","background-type":"","background-media":"","overlay-type":"","overlay-color":"","overlay-opacity":"","overlay-gradient":""},"mobile":{"background-color":"","background-image":"","background-repeat":"repeat","background-position":"center center","background-size":"auto","background-attachment":"scroll","background-type":"","background-media":"","overlay-type":"","overlay-color":"","overlay-opacity":"","overlay-gradient":""}},"ast-content-background-meta":{"desktop":{"background-color":"var(--ast-global-color-5)","background-image":"","background-repeat":"repeat","background-position":"center center","background-size":"auto","background-attachment":"scroll","background-type":"","background-media":"","overlay-type":"","overlay-color":"","overlay-opacity":"","overlay-gradient":""},"tablet":{"background-color":"var(--ast-global-color-5)","background-image":"","background-repeat":"repeat","background-position":"center center","background-size":"auto","background-attachment":"scroll","background-type":"","background-media":"","overlay-type":"","overlay-color":"","overlay-opacity":"","overlay-gradient":""},"mobile":{"background-color":"var(--ast-global-color-5)","background-image":"","background-repeat":"repeat","background-position":"center center","background-size":"auto","background-attachment":"scroll","background-type":"","background-media":"","overlay-type":"","overlay-color":"","overlay-opacity":"","overlay-gradient":""}},"footnotes":""},"class_list":["post-2597","page","type-page","status-publish","hentry"],"yoast_head":"<!-- This site is optimized with the Yoast SEO plugin v27.1.1 - https:\/\/yoast.com\/product\/yoast-seo-wordpress\/ -->\n<title>Contenedores de Textiles - Municipio Aut\u00f3nomo de Guaynabo<\/title>\n<meta name=\"robots\" content=\"index, follow, max-snippet:-1, max-image-preview:large, max-video-preview:-1\" \/>\n<link rel=\"canonical\" href=\"https:\/\/www.guaynabocity.gov.pr\/en\/textile-containers\/\" \/>\n<meta property=\"og:locale\" content=\"en_US\" \/>\n<meta property=\"og:type\" content=\"article\" \/>\n<meta property=\"og:title\" content=\"Contenedores de Textiles - Municipio Aut\u00f3nomo de Guaynabo\" \/>\n<meta property=\"og:description\" content=\"Contenedores de Textiles Ubicaci\u00f3n de los Contenedores Planta de Reciclaje Parque Mois\u00e9s Garc\u00eda, Bo. Mamey Centro de Servicios M\u00faltiples Hato Nuevo Centro Operacional Centro Envejecientes Barrio Camarones City Hall Mario Jim\u00e9nez Centro Cultural Yolanda Guerrero Cuartel de Transito Polic\u00eda Municipal Centro de Servicios Multiples Munoz Rivera Edificio Santos Rivera P\u00e9rez Centro de Servicios M\u00faltiples Santa [&hellip;]\" \/>\n<meta property=\"og:url\" content=\"https:\/\/www.guaynabocity.gov.pr\/en\/textile-containers\/\" \/>\n<meta property=\"og:site_name\" content=\"Municipio Aut\u00f3nomo de Guaynabo\" \/>\n<meta property=\"article:publisher\" content=\"https:\/\/www.facebook.com\/MunGuaynabo\/\" \/>\n<meta property=\"article:modified_time\" content=\"2024-05-07T15:19:58+00:00\" \/>\n<meta name=\"twitter:card\" content=\"summary_large_image\" \/>\n<meta name=\"twitter:label1\" content=\"Est. reading time\" \/>\n\t<meta name=\"twitter:data1\" content=\"1 minute\" \/>\n<script type=\"application\/ld+json\" class=\"yoast-schema-graph\">{\"@context\":\"https:\/\/schema.org\",\"@graph\":[{\"@type\":\"WebPage\",\"@id\":\"https:\/\/www.guaynabocity.gov.pr\/contenedores-de-textiles\/\",\"url\":\"https:\/\/www.guaynabocity.gov.pr\/contenedores-de-textiles\/\",\"name\":\"Contenedores de Textiles - Municipio Aut\u00f3nomo de Guaynabo\",\"isPartOf\":{\"@id\":\"https:\/\/www.guaynabocity.gov.pr\/#website\"},\"datePublished\":\"2024-05-07T15:05:19+00:00\",\"dateModified\":\"2024-05-07T15:19:58+00:00\",\"breadcrumb\":{\"@id\":\"https:\/\/www.guaynabocity.gov.pr\/contenedores-de-textiles\/#breadcrumb\"},\"inLanguage\":\"en-US\",\"potentialAction\":[{\"@type\":\"ReadAction\",\"target\":[\"https:\/\/www.guaynabocity.gov.pr\/contenedores-de-textiles\/\"]}]},{\"@type\":\"BreadcrumbList\",\"@id\":\"https:\/\/www.guaynabocity.gov.pr\/contenedores-de-textiles\/#breadcrumb\",\"itemListElement\":[{\"@type\":\"ListItem\",\"position\":1,\"name\":\"Home\",\"item\":\"https:\/\/www.guaynabocity.gov.pr\/\"},{\"@type\":\"ListItem\",\"position\":2,\"name\":\"Contenedores de Textiles\"}]},{\"@type\":\"WebSite\",\"@id\":\"https:\/\/www.guaynabocity.gov.pr\/#website\",\"url\":\"https:\/\/www.guaynabocity.gov.pr\/\",\"name\":\"Municipio Aut\u00f3nomo de Guaynabo\",\"description\":\"\",\"publisher\":{\"@id\":\"https:\/\/www.guaynabocity.gov.pr\/#organization\"},\"potentialAction\":[{\"@type\":\"SearchAction\",\"target\":{\"@type\":\"EntryPoint\",\"urlTemplate\":\"https:\/\/www.guaynabocity.gov.pr\/?s={search_term_string}\"},\"query-input\":{\"@type\":\"PropertyValueSpecification\",\"valueRequired\":true,\"valueName\":\"search_term_string\"}}],\"inLanguage\":\"en-US\"},{\"@type\":\"Organization\",\"@id\":\"https:\/\/www.guaynabocity.gov.pr\/#organization\",\"name\":\"Municipio Aut\u00f3nomo de Guaynabo\",\"url\":\"https:\/\/www.guaynabocity.gov.pr\/\",\"logo\":{\"@type\":\"ImageObject\",\"inLanguage\":\"en-US\",\"@id\":\"https:\/\/www.guaynabocity.gov.pr\/#\/schema\/logo\/image\/\",\"url\":\"\/wp-content\/uploads\/2023\/12\/Escudo-version-2-1.webp\",\"contentUrl\":\"\/wp-content\/uploads\/2023\/12\/Escudo-version-2-1.webp\",\"width\":605,\"height\":626,\"caption\":\"Municipio Aut\u00f3nomo de Guaynabo\"},\"image\":{\"@id\":\"https:\/\/www.guaynabocity.gov.pr\/#\/schema\/logo\/image\/\"},\"sameAs\":[\"https:\/\/www.facebook.com\/MunGuaynabo\/\"]}]}<\/script>\n<!-- \/ Yoast SEO plugin. -->","yoast_head_json":{"title":"Contenedores de Textiles - Municipio Aut\u00f3nomo de Guaynabo","robots":{"index":"index","follow":"follow","max-snippet":"max-snippet:-1","max-image-preview":"max-image-preview:large","max-video-preview":"max-video-preview:-1"},"canonical":"https:\/\/www.guaynabocity.gov.pr\/en\/textile-containers\/","og_locale":"en_US","og_type":"article","og_title":"Contenedores de Textiles - Municipio Aut\u00f3nomo de Guaynabo","og_description":"Contenedores de Textiles Ubicaci\u00f3n de los Contenedores Planta de Reciclaje Parque Mois\u00e9s Garc\u00eda, Bo. Mamey Centro de Servicios M\u00faltiples Hato Nuevo Centro Operacional Centro Envejecientes Barrio Camarones City Hall Mario Jim\u00e9nez Centro Cultural Yolanda Guerrero Cuartel de Transito Polic\u00eda Municipal Centro de Servicios Multiples Munoz Rivera Edificio Santos Rivera P\u00e9rez Centro de Servicios M\u00faltiples Santa [&hellip;]","og_url":"https:\/\/www.guaynabocity.gov.pr\/en\/textile-containers\/","og_site_name":"Municipio Aut\u00f3nomo de Guaynabo","article_publisher":"https:\/\/www.facebook.com\/MunGuaynabo\/","article_modified_time":"2024-05-07T15:19:58+00:00","twitter_card":"summary_large_image","twitter_misc":{"Est. reading time":"1 minute"},"schema":{"@context":"https:\/\/schema.org","@graph":[{"@type":"WebPage","@id":"https:\/\/www.guaynabocity.gov.pr\/contenedores-de-textiles\/","url":"https:\/\/www.guaynabocity.gov.pr\/contenedores-de-textiles\/","name":"Contenedores de Textiles - Municipio Aut\u00f3nomo de Guaynabo","isPartOf":{"@id":"https:\/\/www.guaynabocity.gov.pr\/#website"},"datePublished":"2024-05-07T15:05:19+00:00","dateModified":"2024-05-07T15:19:58+00:00","breadcrumb":{"@id":"https:\/\/www.guaynabocity.gov.pr\/contenedores-de-textiles\/#breadcrumb"},"inLanguage":"en-US","potentialAction":[{"@type":"ReadAction","target":["https:\/\/www.guaynabocity.gov.pr\/contenedores-de-textiles\/"]}]},{"@type":"BreadcrumbList","@id":"https:\/\/www.guaynabocity.gov.pr\/contenedores-de-textiles\/#breadcrumb","itemListElement":[{"@type":"ListItem","position":1,"name":"Home","item":"https:\/\/www.guaynabocity.gov.pr\/"},{"@type":"ListItem","position":2,"name":"Contenedores de Textiles"}]},{"@type":"WebSite","@id":"https:\/\/www.guaynabocity.gov.pr\/#website","url":"https:\/\/www.guaynabocity.gov.pr\/","name":"Autonomous Municipality of Guaynabo","description":"","publisher":{"@id":"https:\/\/www.guaynabocity.gov.pr\/#organization"},"potentialAction":[{"@type":"SearchAction","target":{"@type":"EntryPoint","urlTemplate":"https:\/\/www.guaynabocity.gov.pr\/?s={search_term_string}"},"query-input":{"@type":"PropertyValueSpecification","valueRequired":true,"valueName":"search_term_string"}}],"inLanguage":"en-US"},{"@type":"Organization","@id":"https:\/\/www.guaynabocity.gov.pr\/#organization","name":"Autonomous Municipality of Guaynabo","url":"https:\/\/www.guaynabocity.gov.pr\/","logo":{"@type":"ImageObject","inLanguage":"en-US","@id":"https:\/\/www.guaynabocity.gov.pr\/#\/schema\/logo\/image\/","url":"\/wp-content\/uploads\/2023\/12\/Escudo-version-2-1.webp","contentUrl":"\/wp-content\/uploads\/2023\/12\/Escudo-version-2-1.webp","width":605,"height":626,"caption":"Municipio Aut\u00f3nomo de Guaynabo"},"image":{"@id":"https:\/\/www.guaynabocity.gov.pr\/#\/schema\/logo\/image\/"},"sameAs":["https:\/\/www.facebook.com\/MunGuaynabo\/"]}]}},"_links":{"self":[{"href":"https:\/\/www.guaynabocity.gov.pr\/en\/wp-json\/wp\/v2\/pages\/2597","targetHints":{"allow":["GET"]}}],"collection":[{"href":"https:\/\/www.guaynabocity.gov.pr\/en\/wp-json\/wp\/v2\/pages"}],"about":[{"href":"https:\/\/www.guaynabocity.gov.pr\/en\/wp-json\/wp\/v2\/types\/page"}],"author":[{"embeddable":true,"href":"https:\/\/www.guaynabocity.gov.pr\/en\/wp-json\/wp\/v2\/users\/14"}],"replies":[{"embeddable":true,"href":"https:\/\/www.guaynabocity.gov.pr\/en\/wp-json\/wp\/v2\/comments?post=2597"}],"version-history":[{"count":4,"href":"https:\/\/www.guaynabocity.gov.pr\/en\/wp-json\/wp\/v2\/pages\/2597\/revisions"}],"predecessor-version":[{"id":2606,"href":"https:\/\/www.guaynabocity.gov.pr\/en\/wp-json\/wp\/v2\/pages\/2597\/revisions\/2606"}],"wp:attachment":[{"href":"https:\/\/www.guaynabocity.gov.pr\/en\/wp-json\/wp\/v2\/media?parent=2597"}],"curies":[{"name":"wp","href":"https:\/\/api.w.org\/{rel}","templated":true}]}}