{"id":2554,"date":"2024-04-30T06:53:34","date_gmt":"2024-04-30T06:53:34","guid":{"rendered":"https:\/\/magportal.azurewebsites.net\/?page_id=2554"},"modified":"2025-02-25T14:44:05","modified_gmt":"2025-02-25T18:44:05","slug":"la-marquesa","status":"publish","type":"page","link":"https:\/\/www.guaynabocity.gov.pr\/en\/la-marquesa\/","title":{"rendered":"La Marquesa"},"content":{"rendered":"<div data-elementor-type=\"wp-page\" data-elementor-id=\"2554\" class=\"elementor elementor-2554\" data-elementor-post-type=\"page\">\n\t\t\t\t<div class=\"elementor-element elementor-element-a1f7821 e-flex e-con-boxed e-con e-parent\" data-id=\"a1f7821\" data-element_type=\"container\" data-e-type=\"container\" data-settings=\"{&quot;background_background&quot;:&quot;classic&quot;}\">\n\t\t\t\t\t<div class=\"e-con-inner\">\n\t\t<div class=\"elementor-element elementor-element-e663da8 e-con-full e-flex e-con e-child\" data-id=\"e663da8\" data-element_type=\"container\" data-e-type=\"container\">\n\t\t\t\t<div class=\"elementor-element elementor-element-041bfe0 elementor-widget elementor-widget-heading\" data-id=\"041bfe0\" data-element_type=\"widget\" data-e-type=\"widget\" data-widget_type=\"heading.default\">\n\t\t\t\t<div class=\"elementor-widget-container\">\n\t\t\t\t\t<h2 class=\"elementor-heading-title elementor-size-default\">La Marquesa Forest Park<\/h2>\t\t\t\t<\/div>\n\t\t\t\t<\/div>\n\t\t\t\t<\/div>\n\t\t\t\t\t<\/div>\n\t\t\t\t<\/div>\n\t\t<div class=\"elementor-element elementor-element-d8bb9f6 e-flex e-con-boxed e-con e-parent\" data-id=\"d8bb9f6\" data-element_type=\"container\" data-e-type=\"container\" data-settings=\"{&quot;background_background&quot;:&quot;classic&quot;}\">\n\t\t\t\t\t<div class=\"e-con-inner\">\n\t\t<div class=\"elementor-element elementor-element-052262e e-con-full e-flex e-con e-child\" data-id=\"052262e\" data-element_type=\"container\" data-e-type=\"container\">\n\t\t<div class=\"elementor-element elementor-element-f68395e e-con-full e-flex e-con e-child\" data-id=\"f68395e\" data-element_type=\"container\" data-e-type=\"container\">\n\t\t\t\t<div class=\"elementor-element elementor-element-902839e elementor-widget elementor-widget-video\" data-id=\"902839e\" data-element_type=\"widget\" data-e-type=\"widget\" data-settings=\"{&quot;youtube_url&quot;:&quot;https:\\\/\\\/www.youtube.com\\\/watch?v=Z-cCK2EOpLM&amp;t=3s&quot;,&quot;video_type&quot;:&quot;youtube&quot;,&quot;controls&quot;:&quot;yes&quot;}\" data-widget_type=\"video.default\">\n\t\t\t\t<div class=\"elementor-widget-container\">\n\t\t\t\t\t\t\t<div class=\"elementor-wrapper elementor-open-inline\">\n\t\t\t<div class=\"elementor-video\"><\/div>\t\t<\/div>\n\t\t\t\t\t\t<\/div>\n\t\t\t\t<\/div>\n\t\t\t\t<\/div>\n\t\t<div class=\"elementor-element elementor-element-f260d68 e-flex e-con-boxed e-con e-child\" data-id=\"f260d68\" data-element_type=\"container\" data-e-type=\"container\">\n\t\t\t\t\t<div class=\"e-con-inner\">\n\t\t\t\t<div class=\"elementor-element elementor-element-c045118 elementor-widget elementor-widget-text-editor\" data-id=\"c045118\" data-element_type=\"widget\" data-e-type=\"widget\" data-widget_type=\"text-editor.default\">\n\t\t\t\t<div class=\"elementor-widget-container\">\n\t\t\t\t\t\t\t\t\t<p>Te invitamos a visitar el renovado Parque La Marquesa, un oasis de diversi\u00f3n y naturaleza que te espera con los brazos abiertos. Sum\u00e9rgete en la belleza de sus senderos, donde cada paso es una oportunidad para conectar con la naturaleza y recargar energ\u00edas. Disfruta de emocionantes caminatas entre exuberante vegetaci\u00f3n y vistas panor\u00e1micas que te dejar\u00e1n sin aliento. Adem\u00e1s, podr\u00e1s deleitarte con nuestras modernas \u00e1reas de juegos para toda la familia, donde la diversi\u00f3n est\u00e1 garantizada. Y no te pierdas la experiencia \u00fanica de nuestro telef\u00e9rico, que te llevar\u00e1 a contemplar el paisaje desde las alturas como nunca antes lo has hecho. <strong>\u00a1Ven y vive momentos inolvidables en el Parque La Marquesa!<\/strong><\/p>\t\t\t\t\t\t\t\t<\/div>\n\t\t\t\t<\/div>\n\t\t\t\t\t<\/div>\n\t\t\t\t<\/div>\n\t\t\t\t<\/div>\n\t\t\t\t\t<\/div>\n\t\t\t\t<\/div>\n\t\t<div class=\"elementor-element elementor-element-157a1d9 e-flex e-con-boxed e-con e-parent\" data-id=\"157a1d9\" data-element_type=\"container\" data-e-type=\"container\" data-settings=\"{&quot;background_background&quot;:&quot;classic&quot;}\">\n\t\t\t\t\t<div class=\"e-con-inner\">\n\t\t\t\t<div class=\"elementor-element elementor-element-1245354 elementor-align-center elementor-widget elementor-widget-button\" data-id=\"1245354\" data-element_type=\"widget\" data-e-type=\"widget\" data-widget_type=\"button.default\">\n\t\t\t\t<div class=\"elementor-widget-container\">\n\t\t\t\t\t\t\t\t\t<div class=\"elementor-button-wrapper\">\n\t\t\t\t\t<a class=\"elementor-button elementor-button-link elementor-size-sm\" href=\"https:\/\/boletos.prticket.com\/events\/en\/entrada\" target=\"_blank\">\n\t\t\t\t\t\t<span class=\"elementor-button-content-wrapper\">\n\t\t\t\t\t\t\t\t\t<span class=\"elementor-button-text\">Adquiere tus boletos aqu\u00ed<\/span>\n\t\t\t\t\t<\/span>\n\t\t\t\t\t<\/a>\n\t\t\t\t<\/div>\n\t\t\t\t\t\t\t\t<\/div>\n\t\t\t\t<\/div>\n\t\t\t\t\t<\/div>\n\t\t\t\t<\/div>\n\t\t\t\t<\/div>","protected":false},"excerpt":{"rendered":"<p>Parque Forestal La Marquesa https:\/\/www.youtube.com\/watch?v=Z-cCK2EOpLM&#038;t=3s Te invitamos a visitar el renovado Parque La Marquesa, un oasis de diversi\u00f3n y naturaleza que te espera con los brazos abiertos. Sum\u00e9rgete en la belleza de sus senderos, donde cada paso es una oportunidad para conectar con la naturaleza y recargar energ\u00edas. Disfruta de emocionantes caminatas entre exuberante vegetaci\u00f3n [&hellip;]<\/p>\n","protected":false},"author":14,"featured_media":0,"parent":0,"menu_order":0,"comment_status":"closed","ping_status":"closed","template":"","meta":{"site-sidebar-layout":"no-sidebar","site-content-layout":"","ast-site-content-layout":"full-width-container","site-content-style":"default","site-sidebar-style":"default","ast-global-header-display":"","ast-banner-title-visibility":"","ast-main-header-display":"","ast-hfb-above-header-display":"","ast-hfb-below-header-display":"","ast-hfb-mobile-header-display":"","site-post-title":"disabled","ast-breadcrumbs-content":"","ast-featured-img":"disabled","footer-sml-layout":"","ast-disable-related-posts":"","theme-transparent-header-meta":"default","adv-header-id-meta":"","stick-header-meta":"","header-above-stick-meta":"","header-main-stick-meta":"","header-below-stick-meta":"","astra-migrate-meta-layouts":"set","ast-page-background-enabled":"default","ast-page-background-meta":{"desktop":{"background-color":"var(--ast-global-color-4)","background-image":"","background-repeat":"repeat","background-position":"center center","background-size":"auto","background-attachment":"scroll","background-type":"","background-media":"","overlay-type":"","overlay-color":"","overlay-opacity":"","overlay-gradient":""},"tablet":{"background-color":"","background-image":"","background-repeat":"repeat","background-position":"center center","background-size":"auto","background-attachment":"scroll","background-type":"","background-media":"","overlay-type":"","overlay-color":"","overlay-opacity":"","overlay-gradient":""},"mobile":{"background-color":"","background-image":"","background-repeat":"repeat","background-position":"center center","background-size":"auto","background-attachment":"scroll","background-type":"","background-media":"","overlay-type":"","overlay-color":"","overlay-opacity":"","overlay-gradient":""}},"ast-content-background-meta":{"desktop":{"background-color":"var(--ast-global-color-5)","background-image":"","background-repeat":"repeat","background-position":"center center","background-size":"auto","background-attachment":"scroll","background-type":"","background-media":"","overlay-type":"","overlay-color":"","overlay-opacity":"","overlay-gradient":""},"tablet":{"background-color":"var(--ast-global-color-5)","background-image":"","background-repeat":"repeat","background-position":"center center","background-size":"auto","background-attachment":"scroll","background-type":"","background-media":"","overlay-type":"","overlay-color":"","overlay-opacity":"","overlay-gradient":""},"mobile":{"background-color":"var(--ast-global-color-5)","background-image":"","background-repeat":"repeat","background-position":"center center","background-size":"auto","background-attachment":"scroll","background-type":"","background-media":"","overlay-type":"","overlay-color":"","overlay-opacity":"","overlay-gradient":""}},"footnotes":""},"class_list":["post-2554","page","type-page","status-publish","hentry"],"yoast_head":"<!-- This site is optimized with the Yoast SEO plugin v27.1.1 - https:\/\/yoast.com\/product\/yoast-seo-wordpress\/ -->\n<title>La Marquesa - Municipio Aut\u00f3nomo de Guaynabo<\/title>\n<meta name=\"robots\" content=\"index, follow, max-snippet:-1, max-image-preview:large, max-video-preview:-1\" \/>\n<link rel=\"canonical\" href=\"https:\/\/www.guaynabocity.gov.pr\/en\/the-marquise\/\" \/>\n<meta property=\"og:locale\" content=\"en_US\" \/>\n<meta property=\"og:type\" content=\"article\" \/>\n<meta property=\"og:title\" content=\"La Marquesa - Municipio Aut\u00f3nomo de Guaynabo\" \/>\n<meta property=\"og:description\" content=\"Parque Forestal La Marquesa https:\/\/www.youtube.com\/watch?v=Z-cCK2EOpLM&#038;t=3s Te invitamos a visitar el renovado Parque La Marquesa, un oasis de diversi\u00f3n y naturaleza que te espera con los brazos abiertos. Sum\u00e9rgete en la belleza de sus senderos, donde cada paso es una oportunidad para conectar con la naturaleza y recargar energ\u00edas. Disfruta de emocionantes caminatas entre exuberante vegetaci\u00f3n [&hellip;]\" \/>\n<meta property=\"og:url\" content=\"https:\/\/www.guaynabocity.gov.pr\/en\/the-marquise\/\" \/>\n<meta property=\"og:site_name\" content=\"Municipio Aut\u00f3nomo de Guaynabo\" \/>\n<meta property=\"article:publisher\" content=\"https:\/\/www.facebook.com\/MunGuaynabo\/\" \/>\n<meta property=\"article:modified_time\" content=\"2025-02-25T18:44:05+00:00\" \/>\n<meta name=\"twitter:card\" content=\"summary_large_image\" \/>\n<meta name=\"twitter:label1\" content=\"Est. reading time\" \/>\n\t<meta name=\"twitter:data1\" content=\"1 minute\" \/>\n<script type=\"application\/ld+json\" class=\"yoast-schema-graph\">{\"@context\":\"https:\/\/schema.org\",\"@graph\":[{\"@type\":\"WebPage\",\"@id\":\"https:\/\/www.guaynabocity.gov.pr\/la-marquesa\/\",\"url\":\"https:\/\/www.guaynabocity.gov.pr\/la-marquesa\/\",\"name\":\"La Marquesa - Municipio Aut\u00f3nomo de Guaynabo\",\"isPartOf\":{\"@id\":\"https:\/\/www.guaynabocity.gov.pr\/#website\"},\"datePublished\":\"2024-04-30T06:53:34+00:00\",\"dateModified\":\"2025-02-25T18:44:05+00:00\",\"breadcrumb\":{\"@id\":\"https:\/\/www.guaynabocity.gov.pr\/la-marquesa\/#breadcrumb\"},\"inLanguage\":\"en-US\",\"potentialAction\":[{\"@type\":\"ReadAction\",\"target\":[\"https:\/\/www.guaynabocity.gov.pr\/la-marquesa\/\"]}]},{\"@type\":\"BreadcrumbList\",\"@id\":\"https:\/\/www.guaynabocity.gov.pr\/la-marquesa\/#breadcrumb\",\"itemListElement\":[{\"@type\":\"ListItem\",\"position\":1,\"name\":\"Home\",\"item\":\"https:\/\/www.guaynabocity.gov.pr\/\"},{\"@type\":\"ListItem\",\"position\":2,\"name\":\"La Marquesa\"}]},{\"@type\":\"WebSite\",\"@id\":\"https:\/\/www.guaynabocity.gov.pr\/#website\",\"url\":\"https:\/\/www.guaynabocity.gov.pr\/\",\"name\":\"Municipio Aut\u00f3nomo de Guaynabo\",\"description\":\"\",\"publisher\":{\"@id\":\"https:\/\/www.guaynabocity.gov.pr\/#organization\"},\"potentialAction\":[{\"@type\":\"SearchAction\",\"target\":{\"@type\":\"EntryPoint\",\"urlTemplate\":\"https:\/\/www.guaynabocity.gov.pr\/?s={search_term_string}\"},\"query-input\":{\"@type\":\"PropertyValueSpecification\",\"valueRequired\":true,\"valueName\":\"search_term_string\"}}],\"inLanguage\":\"en-US\"},{\"@type\":\"Organization\",\"@id\":\"https:\/\/www.guaynabocity.gov.pr\/#organization\",\"name\":\"Municipio Aut\u00f3nomo de Guaynabo\",\"url\":\"https:\/\/www.guaynabocity.gov.pr\/\",\"logo\":{\"@type\":\"ImageObject\",\"inLanguage\":\"en-US\",\"@id\":\"https:\/\/www.guaynabocity.gov.pr\/#\/schema\/logo\/image\/\",\"url\":\"\/wp-content\/uploads\/2023\/12\/Escudo-version-2-1.webp\",\"contentUrl\":\"\/wp-content\/uploads\/2023\/12\/Escudo-version-2-1.webp\",\"width\":605,\"height\":626,\"caption\":\"Municipio Aut\u00f3nomo de Guaynabo\"},\"image\":{\"@id\":\"https:\/\/www.guaynabocity.gov.pr\/#\/schema\/logo\/image\/\"},\"sameAs\":[\"https:\/\/www.facebook.com\/MunGuaynabo\/\"]}]}<\/script>\n<!-- \/ Yoast SEO plugin. -->","yoast_head_json":{"title":"La Marquesa - Municipio Aut\u00f3nomo de Guaynabo","robots":{"index":"index","follow":"follow","max-snippet":"max-snippet:-1","max-image-preview":"max-image-preview:large","max-video-preview":"max-video-preview:-1"},"canonical":"https:\/\/www.guaynabocity.gov.pr\/en\/the-marquise\/","og_locale":"en_US","og_type":"article","og_title":"La Marquesa - Municipio Aut\u00f3nomo de Guaynabo","og_description":"Parque Forestal La Marquesa https:\/\/www.youtube.com\/watch?v=Z-cCK2EOpLM&#038;t=3s Te invitamos a visitar el renovado Parque La Marquesa, un oasis de diversi\u00f3n y naturaleza que te espera con los brazos abiertos. Sum\u00e9rgete en la belleza de sus senderos, donde cada paso es una oportunidad para conectar con la naturaleza y recargar energ\u00edas. Disfruta de emocionantes caminatas entre exuberante vegetaci\u00f3n [&hellip;]","og_url":"https:\/\/www.guaynabocity.gov.pr\/en\/the-marquise\/","og_site_name":"Municipio Aut\u00f3nomo de Guaynabo","article_publisher":"https:\/\/www.facebook.com\/MunGuaynabo\/","article_modified_time":"2025-02-25T18:44:05+00:00","twitter_card":"summary_large_image","twitter_misc":{"Est. reading time":"1 minute"},"schema":{"@context":"https:\/\/schema.org","@graph":[{"@type":"WebPage","@id":"https:\/\/www.guaynabocity.gov.pr\/la-marquesa\/","url":"https:\/\/www.guaynabocity.gov.pr\/la-marquesa\/","name":"La Marquesa - Municipio Aut\u00f3nomo de Guaynabo","isPartOf":{"@id":"https:\/\/www.guaynabocity.gov.pr\/#website"},"datePublished":"2024-04-30T06:53:34+00:00","dateModified":"2025-02-25T18:44:05+00:00","breadcrumb":{"@id":"https:\/\/www.guaynabocity.gov.pr\/la-marquesa\/#breadcrumb"},"inLanguage":"en-US","potentialAction":[{"@type":"ReadAction","target":["https:\/\/www.guaynabocity.gov.pr\/la-marquesa\/"]}]},{"@type":"BreadcrumbList","@id":"https:\/\/www.guaynabocity.gov.pr\/la-marquesa\/#breadcrumb","itemListElement":[{"@type":"ListItem","position":1,"name":"Home","item":"https:\/\/www.guaynabocity.gov.pr\/"},{"@type":"ListItem","position":2,"name":"La Marquesa"}]},{"@type":"WebSite","@id":"https:\/\/www.guaynabocity.gov.pr\/#website","url":"https:\/\/www.guaynabocity.gov.pr\/","name":"Autonomous Municipality of Guaynabo","description":"","publisher":{"@id":"https:\/\/www.guaynabocity.gov.pr\/#organization"},"potentialAction":[{"@type":"SearchAction","target":{"@type":"EntryPoint","urlTemplate":"https:\/\/www.guaynabocity.gov.pr\/?s={search_term_string}"},"query-input":{"@type":"PropertyValueSpecification","valueRequired":true,"valueName":"search_term_string"}}],"inLanguage":"en-US"},{"@type":"Organization","@id":"https:\/\/www.guaynabocity.gov.pr\/#organization","name":"Autonomous Municipality of Guaynabo","url":"https:\/\/www.guaynabocity.gov.pr\/","logo":{"@type":"ImageObject","inLanguage":"en-US","@id":"https:\/\/www.guaynabocity.gov.pr\/#\/schema\/logo\/image\/","url":"\/wp-content\/uploads\/2023\/12\/Escudo-version-2-1.webp","contentUrl":"\/wp-content\/uploads\/2023\/12\/Escudo-version-2-1.webp","width":605,"height":626,"caption":"Municipio Aut\u00f3nomo de Guaynabo"},"image":{"@id":"https:\/\/www.guaynabocity.gov.pr\/#\/schema\/logo\/image\/"},"sameAs":["https:\/\/www.facebook.com\/MunGuaynabo\/"]}]}},"_links":{"self":[{"href":"https:\/\/www.guaynabocity.gov.pr\/en\/wp-json\/wp\/v2\/pages\/2554","targetHints":{"allow":["GET"]}}],"collection":[{"href":"https:\/\/www.guaynabocity.gov.pr\/en\/wp-json\/wp\/v2\/pages"}],"about":[{"href":"https:\/\/www.guaynabocity.gov.pr\/en\/wp-json\/wp\/v2\/types\/page"}],"author":[{"embeddable":true,"href":"https:\/\/www.guaynabocity.gov.pr\/en\/wp-json\/wp\/v2\/users\/14"}],"replies":[{"embeddable":true,"href":"https:\/\/www.guaynabocity.gov.pr\/en\/wp-json\/wp\/v2\/comments?post=2554"}],"version-history":[{"count":22,"href":"https:\/\/www.guaynabocity.gov.pr\/en\/wp-json\/wp\/v2\/pages\/2554\/revisions"}],"predecessor-version":[{"id":17728,"href":"https:\/\/www.guaynabocity.gov.pr\/en\/wp-json\/wp\/v2\/pages\/2554\/revisions\/17728"}],"wp:attachment":[{"href":"https:\/\/www.guaynabocity.gov.pr\/en\/wp-json\/wp\/v2\/media?parent=2554"}],"curies":[{"name":"wp","href":"https:\/\/api.w.org\/{rel}","templated":true}]}}